{"id":10887,"date":"2014-10-11T14:59:42","date_gmt":"2014-10-11T14:59:42","guid":{"rendered":"http:\/\/avada.theme-fusion.com_demos\/portfolio\/?page_id=10887"},"modified":"2025-10-05T18:36:56","modified_gmt":"2025-10-05T16:36:56","slug":"contact-us","status":"publish","type":"page","link":"https:\/\/seohun.hu\/en\/contact-us\/","title":{"rendered":"Contact INTEC SEO HUNGARY"},"content":{"rendered":"<p><div class=\"fusion-fullwidth fullwidth-box fusion-builder-row-1 hundred-percent-fullwidth non-hundred-percent-height-scrolling\" style=\"background-color: rgba(255,255,255,0);background-position: left top;background-repeat: no-repeat;padding-top:0px;padding-right:0px;padding-bottom:0px;padding-left:0px;margin-bottom: 0px;margin-top: 0px;border-width: 0px 0px 0px 0px;border-color:#e8eaf0;border-style:solid;\" ><div class=\"fusion-builder-row fusion-row\"><div class=\"fusion-layout-column fusion_builder_column fusion-builder-column-0 fusion_builder_column_1_1 1_1 fusion-one-full fusion-column-first fusion-column-last fusion-column-no-min-height\" style=\"margin-top:0px;margin-bottom:0px;\"><div class=\"fusion-column-wrapper fusion-flex-column-wrapper-legacy\" style=\"background-position:left top;background-repeat:no-repeat;-webkit-background-size:cover;-moz-background-size:cover;-o-background-size:cover;background-size:cover;padding: 0px 0px 0px 0px;\"><div class=\"fusion-clearfix\"><\/div><\/div><\/div><\/div><\/div><div class=\"fusion-fullwidth fullwidth-box fusion-builder-row-2 nonhundred-percent-fullwidth non-hundred-percent-height-scrolling\" style=\"background-color: rgba(255,255,255,0);background-position: left top;background-repeat: repeat;padding-top:20px;padding-right:0px;padding-bottom:25px;padding-left:0px;margin-bottom: 0px;margin-top: 0px;border-width: 0px 0px 0px 0px;border-color:#e8eaf0;border-style:solid;\" ><div class=\"fusion-builder-row fusion-row\"><div class=\"fusion-layout-column fusion_builder_column fusion-builder-column-1 fusion_builder_column_1_2 1_2 fusion-one-half fusion-column-first\" style=\"width:48%; margin-right: 4%;margin-top:0px;margin-bottom:20px;\"><div class=\"fusion-column-wrapper fusion-flex-column-wrapper-legacy\" style=\"background-position:left top;background-repeat:no-repeat;-webkit-background-size:cover;-moz-background-size:cover;-o-background-size:cover;background-size:cover;padding: 0px 0px 0px 0px;\"><div class=\"fusion-text fusion-text-1\"><h3>INTEC ONLINE KFT.<\/h3>\n<p>Iroda: 3529 Miskolc Petneh\u00e1zy utca 6.<\/p>\n<p>Ad\u00f3sz\u00e1m: 23107816-2-13<br \/>\nC\u00e9gjegyz\u00e9ksz\u00e1m: 13-09-162525<\/p>\n<h3>KAPCSOLAT<\/h3>\n<p>Telefon: Magyarorsz\u00e1g: <a href=\"tel:+36501237000\">+367\/50-123-7000<\/a><br \/>\nWhatsapp: <a href=\"tel:+36703117594\">Klikk ide whatsapp h\u00edv\u00e1shoz<\/a><br \/>\nEmail c\u00edm: intec @ intec.hu<\/p>\n<p><iframe class=\"lazyload\" style=\"border: 0;\" src=\"data:image\/svg+xml,%3Csvg%20xmlns%3D%27http%3A%2F%2Fwww.w3.org%2F2000%2Fsvg%27%20width%3D%27600%27%20height%3D%27450%27%20viewBox%3D%270%200%20600%20450%27%3E%3Crect%20width%3D%27600%27%20height%3D%27450%27%20fill-opacity%3D%220%22%2F%3E%3C%2Fsvg%3E\" data-orig-src=\"https:\/\/www.google.com\/maps\/embed?pb=!1m18!1m12!1m3!1d2665.240495109579!2d20.784618813216124!3d48.086301371117905!2m3!1f0!2f0!3f0!3m2!1i1024!2i768!4f13.1!3m3!1m2!1s0x4740a020f009cf5d%3A0x8ec362224fd4fd19!2sMiskolc%2C%20Petneh%C3%A1zy%20D%C3%A1vid%20u.%206%2C%203529!5e0!3m2!1shu!2shu!4v1736615094575!5m2!1shu!2shu\" width=\"600\" height=\"450\" allowfullscreen=\"allowfullscreen\"><\/iframe><\/p>\n<\/div><div class=\"fusion-clearfix\"><\/div><\/div><\/div><div class=\"fusion-layout-column fusion_builder_column fusion-builder-column-2 fusion_builder_column_1_2 1_2 fusion-one-half fusion-column-last\" style=\"width:48%;margin-top:0px;margin-bottom:20px;\"><div class=\"fusion-column-wrapper fusion-flex-column-wrapper-legacy\" style=\"background-position:left top;background-repeat:no-repeat;-webkit-background-size:cover;-moz-background-size:cover;-o-background-size:cover;background-size:cover;padding: 0px 0px 0px 0px;\"><div class=\"fusion-text fusion-text-2\"><h3>INTEC ONLINE KFT.<\/h3>\n<p>K\u00fcldj \u00fczenetet \u00e9s hamarosan v\u00e1laszolunk, visszah\u00edvunk! Javaslom, hogy els\u0151 l\u00e9p\u00e9sben besz\u00e9lj\u00fcnk, mert gyorsabb \u00e9s szem\u00e9lyesebb mint a levelez\u00e9s. Egyeztess\u00fcnk id\u0151pontot \u00e9s visszah\u00edvunk.<\/p>\n<\/div><div class=\"fusion-text fusion-text-3\"><style id=\"wpforms-css-vars-23979\">\n\t\t\t\t#wpforms-23979 {\n\t\t\t\t--wpforms-container-padding: 0px;\n--wpforms-container-border-width: 1px;\n--wpforms-container-border-radius: 3px;\n--wpforms-background-color: rgba(0, 0, 0, 0);\n--wpforms-field-size-input-height: 43px;\n--wpforms-field-size-input-spacing: 15px;\n--wpforms-field-size-font-size: 16px;\n--wpforms-field-size-line-height: 19px;\n--wpforms-field-size-padding-h: 14px;\n--wpforms-field-size-checkbox-size: 16px;\n--wpforms-field-size-sublabel-spacing: 5px;\n--wpforms-field-size-icon-size: 1;\n--wpforms-label-size-font-size: 16px;\n--wpforms-label-size-line-height: 19px;\n--wpforms-label-size-sublabel-font-size: 14px;\n--wpforms-label-size-sublabel-line-height: 17px;\n--wpforms-button-size-font-size: 17px;\n--wpforms-button-size-height: 41px;\n--wpforms-button-size-padding-h: 15px;\n--wpforms-button-size-margin-top: 10px;\n--wpforms-container-shadow-size-box-shadow: none;\n\t\t\t}\n\t\t\t<\/style><div class=\"wpforms-container wpforms-container-full wpforms-render-modern\" id=\"wpforms-23979\"><form id=\"wpforms-form-23979\" class=\"wpforms-validate wpforms-form wpforms-ajax-form\" data-formid=\"23979\" method=\"post\" enctype=\"multipart\/form-data\" action=\"\/en\/wp-json\/wp\/v2\/pages\/10887\" data-token=\"e921f9abff41714d3817cb7eee04da2a\" data-token-time=\"1775666723\"><noscript class=\"wpforms-error-noscript\">Please enable JavaScript in your browser to complete this form.<\/noscript><div id=\"wpforms-error-noscript\" style=\"display: none;\">Please enable JavaScript in your browser to complete this form.<\/div><div class=\"wpforms-field-container\"><div id=\"wpforms-23979-field_0-container\" class=\"wpforms-field wpforms-field-name\" data-field-id=\"0\"><label class=\"wpforms-field-label\" for=\"wpforms-23979-field_0\">Neved? <span class=\"wpforms-required-label\" aria-hidden=\"true\">*<\/span><\/label><input type=\"text\" id=\"wpforms-23979-field_0\" class=\"wpforms-field-medium wpforms-field-required\" name=\"wpforms[fields][0]\" aria-errormessage=\"wpforms-23979-field_0-error\" required><\/div><div id=\"wpforms-23979-field_1-container\" class=\"wpforms-field wpforms-field-email\" data-field-id=\"1\"><label class=\"wpforms-field-label\" for=\"wpforms-23979-field_1\">Email c\u00edmed? <span class=\"wpforms-required-label\" aria-hidden=\"true\">*<\/span><\/label><input type=\"email\" id=\"wpforms-23979-field_1\" class=\"wpforms-field-medium wpforms-field-required\" name=\"wpforms[fields][1]\" spellcheck=\"false\" aria-errormessage=\"wpforms-23979-field_1-error\" required><\/div><div id=\"wpforms-23979-field_7-container\" class=\"wpforms-field wpforms-field-number\" data-field-id=\"7\"><label class=\"wpforms-field-label\" for=\"wpforms-23979-field_7\">Telefonsz\u00e1mod?<\/label><input type=\"number\" id=\"wpforms-23979-field_7\" class=\"wpforms-field-medium\" name=\"wpforms[fields][7]\" step=\"any\" aria-errormessage=\"wpforms-23979-field_7-error\" aria-describedby=\"wpforms-23979-field_7-description\" ><div id=\"wpforms-23979-field_7-description\" class=\"wpforms-field-description\">Ha szeretn\u00e9d, hogy visszah\u00edvjunk add meg a telefonsz\u00e1mod!<\/div><\/div>\t\t<div id=\"wpforms-23979-field_2-container\"\n\t\t\tclass=\"wpforms-field wpforms-field-text\"\n\t\t\tdata-field-type=\"text\"\n\t\t\tdata-field-id=\"2\"\n\t\t\t>\n\t\t\t<label class=\"wpforms-field-label\" for=\"wpforms-23979-field_2\" >Telefonsz\u00e1mod? Email Neved?<\/label>\n\t\t\t<input type=\"text\" id=\"wpforms-23979-field_2\" class=\"wpforms-field-medium\" name=\"wpforms[fields][2]\" >\n\t\t<\/div>\n\t\t<div id=\"wpforms-23979-field_3-container\" class=\"wpforms-field wpforms-field-textarea\" data-field-id=\"3\"><label class=\"wpforms-field-label\" for=\"wpforms-23979-field_3\">\u00dczenet? <span class=\"wpforms-required-label\" aria-hidden=\"true\">*<\/span><\/label><textarea id=\"wpforms-23979-field_3\" class=\"wpforms-field-medium wpforms-field-required\" name=\"wpforms[fields][3]\" aria-errormessage=\"wpforms-23979-field_3-error\" required><\/textarea><\/div><div id=\"wpforms-23979-field_6-container\" class=\"wpforms-field wpforms-field-checkbox\" data-field-id=\"6\"><fieldset><legend class=\"wpforms-field-label\">\u00c1SZF <span class=\"wpforms-required-label\" aria-hidden=\"true\">*<\/span><\/legend><ul id=\"wpforms-23979-field_6\" class=\"wpforms-field-required\"><li class=\"choice-1 depth-1\"><input type=\"checkbox\" id=\"wpforms-23979-field_6_1\" name=\"wpforms[fields][6][]\" value=\"Elfogadom az adatv\u00e9delmi ir\u00e1nyelveket https:\/\/seohun.hu\/hu_hu\/adatvedelmi-iranyelvek-2\/\" aria-errormessage=\"wpforms-23979-field_6_1-error\" required ><label class=\"wpforms-field-label-inline\" for=\"wpforms-23979-field_6_1\">Elfogadom az adatv\u00e9delmi ir\u00e1nyelveket https:\/\/seohun.hu\/hu_hu\/adatvedelmi-iranyelvek-2\/<\/label><\/li><\/ul><\/fieldset><\/div><script>\n\t\t\t\t( function() {\n\t\t\t\t\tconst style = document.createElement( 'style' );\n\t\t\t\t\tstyle.appendChild( document.createTextNode( '#wpforms-23979-field_2-container { position: absolute !important; overflow: hidden !important; display: inline !important; height: 1px !important; width: 1px !important; z-index: -1000 !important; padding: 0 !important; } #wpforms-23979-field_2-container input { visibility: hidden; } #wpforms-conversational-form-page #wpforms-23979-field_2-container label { counter-increment: none; }' ) );\n\t\t\t\t\tdocument.head.appendChild( style );\n\t\t\t\t\tdocument.currentScript?.remove();\n\t\t\t\t} )();\n\t\t\t<\/script><\/div><!-- .wpforms-field-container --><div class=\"wpforms-submit-container\" ><input type=\"hidden\" name=\"wpforms[id]\" value=\"23979\"><input type=\"hidden\" name=\"page_title\" value=\"\"><input type=\"hidden\" name=\"page_url\" value=\"https:\/\/seohun.hu\/en\/wp-json\/wp\/v2\/pages\/10887\"><input type=\"hidden\" name=\"url_referer\" value=\"\"><button type=\"submit\" name=\"wpforms[submit]\" id=\"wpforms-submit-23979\" class=\"wpforms-submit\" data-alt-text=\"K\u00fcld\u00e9s...\" data-submit-text=\"Elk\u00fcld\" aria-live=\"assertive\" value=\"wpforms-submit\">Elk\u00fcld<\/button><img decoding=\"async\" src=\"data:image\/svg+xml,%3Csvg%20xmlns%3D%27http%3A%2F%2Fwww.w3.org%2F2000%2Fsvg%27%20width%3D%2726%27%20height%3D%2726%27%20viewBox%3D%270%200%2026%2026%27%3E%3Crect%20width%3D%2726%27%20height%3D%2726%27%20fill-opacity%3D%220%22%2F%3E%3C%2Fsvg%3E\" data-orig-src=\"https:\/\/seohun.hu\/wp-content\/plugins\/wpforms-lite\/assets\/images\/submit-spin.svg\" class=\"lazyload wpforms-submit-spinner\" style=\"display: none;\" width=\"26\" height=\"26\" alt=\"Loading\" title=\"\"><\/div><\/form><\/div>  <!-- .wpforms-container -->\n<\/div><div class=\"fusion-clearfix\"><\/div><\/div><\/div><\/div><\/div><\/p>\n","protected":false},"excerpt":{"rendered":"","protected":false},"author":1,"featured_media":0,"parent":0,"menu_order":0,"comment_status":"open","ping_status":"open","template":"100-width.php","meta":{"googlesitekit_rrm_CAow9c6ZCw:productID":"","footnotes":""},"class_list":["post-10887","page","type-page","status-publish","hentry"],"_links":{"self":[{"href":"https:\/\/seohun.hu\/en\/wp-json\/wp\/v2\/pages\/10887","targetHints":{"allow":["GET"]}}],"collection":[{"href":"https:\/\/seohun.hu\/en\/wp-json\/wp\/v2\/pages"}],"about":[{"href":"https:\/\/seohun.hu\/en\/wp-json\/wp\/v2\/types\/page"}],"author":[{"embeddable":true,"href":"https:\/\/seohun.hu\/en\/wp-json\/wp\/v2\/users\/1"}],"replies":[{"embeddable":true,"href":"https:\/\/seohun.hu\/en\/wp-json\/wp\/v2\/comments?post=10887"}],"version-history":[{"count":7,"href":"https:\/\/seohun.hu\/en\/wp-json\/wp\/v2\/pages\/10887\/revisions"}],"predecessor-version":[{"id":24119,"href":"https:\/\/seohun.hu\/en\/wp-json\/wp\/v2\/pages\/10887\/revisions\/24119"}],"wp:attachment":[{"href":"https:\/\/seohun.hu\/en\/wp-json\/wp\/v2\/media?parent=10887"}],"curies":[{"name":"wp","href":"https:\/\/api.w.org\/{rel}","templated":true}]}}