{"id":17942,"date":"2019-06-01T18:48:06","date_gmt":"2019-06-01T16:48:06","guid":{"rendered":"https:\/\/seohun.hu\/?page_id=17942"},"modified":"2019-06-01T18:59:03","modified_gmt":"2019-06-01T16:59:03","slug":"referencia-munkak","status":"publish","type":"page","link":"https:\/\/seohun.hu\/en\/referencia-munkak\/","title":{"rendered":"Reference works"},"content":{"rendered":"<div class=\"fusion-fullwidth fullwidth-box fusion-builder-row-1 nonhundred-percent-fullwidth non-hundred-percent-height-scrolling\" style=\"background-color: rgba(255,255,255,0);background-position: center center;background-repeat: no-repeat;padding-top:10px;padding-right:10px;padding-bottom:10px;padding-left:10px;margin-bottom: 10px;margin-top: 10px;border-width: 6px 0px 6px 0px;border-color:#ff9800;border-style:solid;\" ><div class=\"fusion-builder-row fusion-row\"><div class=\"fusion-layout-column fusion_builder_column fusion-builder-column-0 fusion_builder_column_1_1 1_1 fusion-one-full fusion-column-first fusion-column-last\" style=\"margin-top:0px;margin-bottom:20px;\"><div class=\"fusion-column-wrapper fusion-flex-column-wrapper-legacy\" style=\"background-position:left top;background-repeat:no-repeat;-webkit-background-size:cover;-moz-background-size:cover;-o-background-size:cover;background-size:cover;padding: 0px 0px 0px 0px;\"><style type=\"text\/css\">.fusion-portfolio-wrapper#fusion-portfolio-1 .fusion-portfolio-content{  text-align: center; }<\/style><div class=\"fusion-recent-works fusion-portfolio-element fusion-portfolio fusion-portfolio-1 fusion-portfolio-grid fusion-portfolio-paging-infinite fusion-portfolio-four fusion-portfolio-unboxed fusion-portfolio-text fusion-portfolio-rollover\" data-id=\"-rw-1\" data-columns=\"four\"><div role=\"menubar\"><ul class=\"fusion-filters\" role=\"menu\" aria-label=\"filters\"><li role=\"menuitem\" class=\"fusion-filter fusion-filter-all fusion-active\"><a href=\"#\" data-filter=\"*\">All<\/a><\/li><li role=\"menuitem\" class=\"fusion-filter fusion-hidden\"><a href=\"#\" data-filter=\".ads\">Ads<\/a><\/li><li role=\"menuitem\" class=\"fusion-filter fusion-hidden\"><a href=\"#\" data-filter=\".design\">Arculattervez\u00e9s<\/a><\/li><li role=\"menuitem\" class=\"fusion-filter fusion-hidden\"><a href=\"#\" data-filter=\".forditas\">Ford\u00edt\u00e1s<\/a><\/li><li role=\"menuitem\" class=\"fusion-filter fusion-hidden\"><a href=\"#\" data-filter=\".honlapkeszites\">Honlapk\u00e9sz\u00edt\u00e9s<\/a><\/li><li role=\"menuitem\" class=\"fusion-filter fusion-hidden\"><a href=\"#\" data-filter=\".kozossegi-marketing-kampany\">K\u00f6z\u00f6ss\u00e9gi marketing<\/a><\/li><li role=\"menuitem\" class=\"fusion-filter fusion-hidden\"><a href=\"#\" data-filter=\".local-seo\">Local SEO<\/a><\/li><li role=\"menuitem\" class=\"fusion-filter fusion-hidden\"><a href=\"#\" data-filter=\".pr-link\">PR\/Link<\/a><\/li><li role=\"menuitem\" class=\"fusion-filter fusion-hidden\"><a href=\"#\" data-filter=\".sem\">SEM<\/a><\/li><li role=\"menuitem\" class=\"fusion-filter fusion-hidden\"><a href=\"#\" data-filter=\".seo-kialakitas\">SEO<\/a><\/li><li role=\"menuitem\" class=\"fusion-filter fusion-hidden\"><a href=\"#\" data-filter=\".seo-referenciak\">SEO referenci\u00e1k<\/a><\/li><li role=\"menuitem\" class=\"fusion-filter fusion-hidden\"><a href=\"#\" data-filter=\".video-keszites\">Vide\u00f3 k\u00e9sz\u00edt\u00e9s<\/a><\/li><li role=\"menuitem\" class=\"fusion-filter fusion-hidden\"><a href=\"#\" data-filter=\".webaruhaz-keszites\">Web\u00e1ruh\u00e1z k\u00e9sz\u00edt\u00e9s<\/a><\/li><\/ul><\/div><style type=\"text\/css\">.fusion-portfolio-1 .fusion-portfolio-wrapper .fusion-col-spacing{padding:10px;}<\/style><div class=\"fusion-portfolio-wrapper\" id=\"fusion-portfolio-1\" data-picturesize=\"auto\" data-pages=\"7\" style=\"margin:-10px;\"><article id=\"portfolio-1-post-23949\" class=\"fusion-portfolio-post ads seo-kialakitas video-keszites fusion-col-spacing post-23949\"><div class=\"fusion-portfolio-content-wrapper\" style=\"border:none;\"><span class=\"updated rich-snippet-hidden\">2025-10-03T13:18:51+02:00<\/span><div  class=\"fusion-image-wrapper\" aria-haspopup=\"true\">\n\t\t\t\t<img decoding=\"async\" width=\"1456\" height=\"816\" src=\"https:\/\/seohun.hu\/wp-content\/uploads\/2025\/10\/portfolio55-2.png\" class=\"attachment-full size-full lazyload wp-post-image\" alt=\"\" srcset=\"data:image\/svg+xml,%3Csvg%20xmlns%3D%27http%3A%2F%2Fwww.w3.org%2F2000%2Fsvg%27%20width%3D%271456%27%20height%3D%27816%27%20viewBox%3D%270%200%201456%20816%27%3E%3Crect%20width%3D%271456%27%20height%3D%27816%27%20fill-opacity%3D%220%22%2F%3E%3C%2Fsvg%3E\" data-orig-src=\"https:\/\/seohun.hu\/wp-content\/uploads\/2025\/10\/portfolio55-2.png\" data-srcset=\"https:\/\/seohun.hu\/wp-content\/uploads\/2025\/10\/portfolio55-2-200x112.png 200w, https:\/\/seohun.hu\/wp-content\/uploads\/2025\/10\/portfolio55-2-400x224.png 400w, https:\/\/seohun.hu\/wp-content\/uploads\/2025\/10\/portfolio55-2-600x336.png 600w, https:\/\/seohun.hu\/wp-content\/uploads\/2025\/10\/portfolio55-2-800x448.png 800w, https:\/\/seohun.hu\/wp-content\/uploads\/2025\/10\/portfolio55-2-1200x673.png 1200w, https:\/\/seohun.hu\/wp-content\/uploads\/2025\/10\/portfolio55-2.png 1456w\" data-sizes=\"auto\" title=\"\" data-orig-><div class=\"fusion-rollover\">\n\t<div class=\"fusion-rollover-content\">\n\n\t\t\t\t\t\t\t\t\t\t\t\t\t\t<a class=\"fusion-rollover-link\" href=\"https:\/\/seohun.hu\/en\/seo-referenciak\/edtech-hu\/\">EdTech HU<\/a>\n\t\t\t\n\t\t\t\t\t\t\t\t\n\t\t\n\t\t\t\t\t\t\t\t\n\t\t\t\t\t\t\t\t\n\t\t\n\t\t\t\t\t\t<a class=\"fusion-link-wrapper\" href=\"https:\/\/seohun.hu\/en\/seo-referenciak\/edtech-hu\/\" aria-label=\"EdTech HU\"><\/a>\n\t<\/div>\n<\/div>\n<\/div>\n<div class=\"fusion-portfolio-content\"><h2 class=\"entry-title fusion-post-title\"><a href=\"https:\/\/seohun.hu\/en\/seo-referenciak\/edtech-hu\/\">EdTech HU<\/a><\/h2><div class=\"fusion-portfolio-meta\"><a href=\"https:\/\/seohun.hu\/en\/portfolio_category\/ads\/\" rel=\"tag\">Ads<\/a>, <a href=\"https:\/\/seohun.hu\/en\/portfolio_category\/seo-kialakitas\/\" rel=\"tag\">SEO<\/a>, <a href=\"https:\/\/seohun.hu\/en\/portfolio_category\/video-keszites\/\" rel=\"tag\">Vide\u00f3 k\u00e9sz\u00edt\u00e9s<\/a><\/div><div class=\"fusion-post-content\"><p>R\u00f6vid le\u00edr\u00e1s: HU content hub + long-tail SEO, YouTube Shorts.C\u00e9lok<\/p><\/div><\/div><\/div><\/article><article id=\"portfolio-1-post-191\" class=\"fusion-portfolio-post design honlapkeszites seo-referenciak fusion-col-spacing post-191\"><div class=\"fusion-portfolio-content-wrapper\" style=\"border:none;\"><span class=\"updated rich-snippet-hidden\">2019-05-23T15:16:59+02:00<\/span><div  class=\"fusion-image-wrapper\" aria-haspopup=\"true\">\n\t\t\t\t<img decoding=\"async\" width=\"2466\" height=\"1622\" src=\"https:\/\/seohun.hu\/wp-content\/uploads\/2012\/07\/magyarendre.jpg\" class=\"attachment-full size-full lazyload wp-post-image\" alt=\"\" srcset=\"data:image\/svg+xml,%3Csvg%20xmlns%3D%27http%3A%2F%2Fwww.w3.org%2F2000%2Fsvg%27%20width%3D%272466%27%20height%3D%271622%27%20viewBox%3D%270%200%202466%201622%27%3E%3Crect%20width%3D%272466%27%20height%3D%271622%27%20fill-opacity%3D%220%22%2F%3E%3C%2Fsvg%3E\" data-orig-src=\"https:\/\/seohun.hu\/wp-content\/uploads\/2012\/07\/magyarendre.jpg\" data-srcset=\"https:\/\/seohun.hu\/wp-content\/uploads\/2012\/07\/magyarendre-200x132.jpg 200w, https:\/\/seohun.hu\/wp-content\/uploads\/2012\/07\/magyarendre-400x263.jpg 400w, https:\/\/seohun.hu\/wp-content\/uploads\/2012\/07\/magyarendre-600x395.jpg 600w, https:\/\/seohun.hu\/wp-content\/uploads\/2012\/07\/magyarendre-800x526.jpg 800w, https:\/\/seohun.hu\/wp-content\/uploads\/2012\/07\/magyarendre-1200x789.jpg 1200w, https:\/\/seohun.hu\/wp-content\/uploads\/2012\/07\/magyarendre.jpg 2466w\" data-sizes=\"auto\" title=\"\" data-orig-><div class=\"fusion-rollover\">\n\t<div class=\"fusion-rollover-content\">\n\n\t\t\t\t\t\t\t\t\t\t\t\t\t\t<a class=\"fusion-rollover-link\" href=\"https:\/\/seohun.hu\/en\/seo-referenciak\/magyarendre\/\">Magyar Endre<\/a>\n\t\t\t\n\t\t\t\t\t\t\t\t\t\t\t\t\t\t\n\t\t\t\t\t\t\t\t\n\t\t\t\t\t\t\t\t\t\t\t\t\t<div class=\"fusion-rollover-sep\"><\/div>\n\t\t\t\t\n\t\t\t\t\t\t\t\t\t\t\t\t\t\t\t\t\t\t<a class=\"fusion-rollover-gallery\" href=\"https:\/\/seohun.hu\/wp-content\/uploads\/2012\/07\/magyarendre.jpg\" data-id=\"191\" data-rel=\"iLightbox[gallery-rw-1]\" data-title=\"magyarendre\" data-caption=\"\">\n\t\t\t\t\t\tGallery\t\t\t\t\t<\/a>\n\t\t\t\t\t\t\t\t\t\t\t\t\t\t\n\t\t\n\t\t\t\t\t\t\t\t\n\t\t\t\t\t\t\t\t\n\t\t\n\t\t\t\t\t\t<a class=\"fusion-link-wrapper\" href=\"https:\/\/seohun.hu\/en\/seo-referenciak\/magyarendre\/\" aria-label=\"Magyar Endre\"><\/a>\n\t<\/div>\n<\/div>\n<\/div>\n<div class=\"fusion-portfolio-content\"><h2 class=\"entry-title fusion-post-title\"><a href=\"https:\/\/seohun.hu\/en\/seo-referenciak\/magyarendre\/\">Magyar Endre<\/a><\/h2><div class=\"fusion-portfolio-meta\"><a href=\"https:\/\/seohun.hu\/en\/portfolio_category\/design\/\" rel=\"tag\">Arculattervez\u00e9s<\/a>, <a href=\"https:\/\/seohun.hu\/en\/portfolio_category\/honlapkeszites\/\" rel=\"tag\">Honlapk\u00e9sz\u00edt\u00e9s<\/a>, <a href=\"https:\/\/seohun.hu\/en\/portfolio_category\/seo-referenciak\/\" rel=\"tag\">SEO referenci\u00e1k<\/a><\/div><div class=\"fusion-post-content\"><p> A magyarendre.hu oldal elk\u00e9sz\u00edt\u00e9se, optimaliz\u00e1l\u00e1sa onsite \u00e9s offsite. <\/p><\/div><\/div><\/div><\/article><article id=\"portfolio-1-post-13197\" class=\"fusion-portfolio-post design honlapkeszites fusion-col-spacing post-13197\"><div class=\"fusion-portfolio-content-wrapper\" style=\"border:none;\"><span class=\"updated rich-snippet-hidden\">2017-05-13T14:32:22+02:00<\/span><div  class=\"fusion-image-wrapper\" aria-haspopup=\"true\">\n\t\t\t\t<img decoding=\"async\" width=\"1400\" height=\"2352\" src=\"https:\/\/seohun.hu\/wp-content\/uploads\/2017\/05\/agromarket_01.png\" class=\"attachment-full size-full lazyload wp-post-image\" alt=\"\" srcset=\"data:image\/svg+xml,%3Csvg%20xmlns%3D%27http%3A%2F%2Fwww.w3.org%2F2000%2Fsvg%27%20width%3D%271400%27%20height%3D%272352%27%20viewBox%3D%270%200%201400%202352%27%3E%3Crect%20width%3D%271400%27%20height%3D%272352%27%20fill-opacity%3D%220%22%2F%3E%3C%2Fsvg%3E\" data-orig-src=\"https:\/\/seohun.hu\/wp-content\/uploads\/2017\/05\/agromarket_01.png\" data-srcset=\"https:\/\/seohun.hu\/wp-content\/uploads\/2017\/05\/agromarket_01-200x336.png 200w, https:\/\/seohun.hu\/wp-content\/uploads\/2017\/05\/agromarket_01-400x672.png 400w, https:\/\/seohun.hu\/wp-content\/uploads\/2017\/05\/agromarket_01-600x1008.png 600w, https:\/\/seohun.hu\/wp-content\/uploads\/2017\/05\/agromarket_01-800x1344.png 800w, https:\/\/seohun.hu\/wp-content\/uploads\/2017\/05\/agromarket_01-1200x2016.png 1200w, https:\/\/seohun.hu\/wp-content\/uploads\/2017\/05\/agromarket_01.png 1400w\" data-sizes=\"auto\" title=\"\" data-orig-><div class=\"fusion-rollover\">\n\t<div class=\"fusion-rollover-content\">\n\n\t\t\t\t\t\t\t\t\t\t\t\t\t\t<a class=\"fusion-rollover-link\" href=\"https:\/\/seohun.hu\/en\/seo-referenciak\/agromarket\/\">Agromarket<\/a>\n\t\t\t\n\t\t\t\t\t\t\t\t\n\t\t\n\t\t\t\t\t\t\t\t\n\t\t\t\t\t\t\t\t\n\t\t\n\t\t\t\t\t\t<a class=\"fusion-link-wrapper\" href=\"https:\/\/seohun.hu\/en\/seo-referenciak\/agromarket\/\" aria-label=\"Agromarket\"><\/a>\n\t<\/div>\n<\/div>\n<\/div>\n<div class=\"fusion-portfolio-content\"><h2 class=\"entry-title fusion-post-title\"><a href=\"https:\/\/seohun.hu\/en\/seo-referenciak\/agromarket\/\">Agromarket<\/a><\/h2><div class=\"fusion-portfolio-meta\"><a href=\"https:\/\/seohun.hu\/en\/portfolio_category\/design\/\" rel=\"tag\">Arculattervez\u00e9s<\/a>, <a href=\"https:\/\/seohun.hu\/en\/portfolio_category\/honlapkeszites\/\" rel=\"tag\">Honlapk\u00e9sz\u00edt\u00e9s<\/a><\/div><div class=\"fusion-post-content\"><p><\/p><\/div><\/div><\/div><\/article><article id=\"portfolio-1-post-23907\" class=\"fusion-portfolio-post kozossegi-marketing-kampany seo-kialakitas fusion-col-spacing post-23907\"><div class=\"fusion-portfolio-content-wrapper\" style=\"border:none;\"><span class=\"updated rich-snippet-hidden\">2025-10-03T11:40:51+02:00<\/span><div  class=\"fusion-image-wrapper\" aria-haspopup=\"true\">\n\t\t\t\t<img decoding=\"async\" width=\"1456\" height=\"816\" src=\"https:\/\/seohun.hu\/wp-content\/uploads\/2025\/10\/portfolio-3.png\" class=\"attachment-full size-full lazyload wp-post-image\" alt=\"\" srcset=\"data:image\/svg+xml,%3Csvg%20xmlns%3D%27http%3A%2F%2Fwww.w3.org%2F2000%2Fsvg%27%20width%3D%271456%27%20height%3D%27816%27%20viewBox%3D%270%200%201456%20816%27%3E%3Crect%20width%3D%271456%27%20height%3D%27816%27%20fill-opacity%3D%220%22%2F%3E%3C%2Fsvg%3E\" data-orig-src=\"https:\/\/seohun.hu\/wp-content\/uploads\/2025\/10\/portfolio-3.png\" data-srcset=\"https:\/\/seohun.hu\/wp-content\/uploads\/2025\/10\/portfolio-3-200x112.png 200w, https:\/\/seohun.hu\/wp-content\/uploads\/2025\/10\/portfolio-3-400x224.png 400w, https:\/\/seohun.hu\/wp-content\/uploads\/2025\/10\/portfolio-3-600x336.png 600w, https:\/\/seohun.hu\/wp-content\/uploads\/2025\/10\/portfolio-3-800x448.png 800w, https:\/\/seohun.hu\/wp-content\/uploads\/2025\/10\/portfolio-3-1200x673.png 1200w, https:\/\/seohun.hu\/wp-content\/uploads\/2025\/10\/portfolio-3.png 1456w\" data-sizes=\"auto\" title=\"\" data-orig-><div class=\"fusion-rollover\">\n\t<div class=\"fusion-rollover-content\">\n\n\t\t\t\t\t\t\t\t\t\t\t\t\t\t<a class=\"fusion-rollover-link\" href=\"https:\/\/seohun.hu\/en\/seo-referenciak\/cn-medtech-pilot-budapest\/\">CN medtech pilot (Budapest)<\/a>\n\t\t\t\n\t\t\t\t\t\t\t\t\n\t\t\n\t\t\t\t\t\t\t\t\n\t\t\t\t\t\t\t\t\n\t\t\n\t\t\t\t\t\t<a class=\"fusion-link-wrapper\" href=\"https:\/\/seohun.hu\/en\/seo-referenciak\/cn-medtech-pilot-budapest\/\" aria-label=\"CN medtech pilot (Budapest)\"><\/a>\n\t<\/div>\n<\/div>\n<\/div>\n<div class=\"fusion-portfolio-content\"><h2 class=\"entry-title fusion-post-title\"><a href=\"https:\/\/seohun.hu\/en\/seo-referenciak\/cn-medtech-pilot-budapest\/\">CN medtech pilot (Budapest)<\/a><\/h2><div class=\"fusion-portfolio-meta\"><a href=\"https:\/\/seohun.hu\/en\/portfolio_category\/kozossegi-marketing-kampany\/\" rel=\"tag\">K\u00f6z\u00f6ss\u00e9gi marketing<\/a>, <a href=\"https:\/\/seohun.hu\/en\/portfolio_category\/seo-kialakitas\/\" rel=\"tag\">SEO<\/a><\/div><div class=\"fusion-post-content\"><p>R\u00f6vid le\u00edr\u00e1s: K\u00ednai gy\u00e1rt\u00f3 budapesti demo-id\u0151pontokat gy\u0171jt; HU\/EN landing, orvosi<\/p><\/div><\/div><\/div><\/article><article id=\"portfolio-1-post-17909\" class=\"fusion-portfolio-post seo-kialakitas sem seo-referenciak fusion-col-spacing post-17909\"><div class=\"fusion-portfolio-content-wrapper\" style=\"border:none;\"><span class=\"updated rich-snippet-hidden\">2019-05-29T12:49:52+02:00<\/span><div  class=\"fusion-image-wrapper\" aria-haspopup=\"true\">\n\t\t\t\t<img decoding=\"async\" width=\"1240\" height=\"1394\" src=\"https:\/\/seohun.hu\/wp-content\/uploads\/2012\/07\/gammatradeusa.jpg\" class=\"attachment-full size-full lazyload wp-post-image\" alt=\"\" srcset=\"data:image\/svg+xml,%3Csvg%20xmlns%3D%27http%3A%2F%2Fwww.w3.org%2F2000%2Fsvg%27%20width%3D%271240%27%20height%3D%271394%27%20viewBox%3D%270%200%201240%201394%27%3E%3Crect%20width%3D%271240%27%20height%3D%271394%27%20fill-opacity%3D%220%22%2F%3E%3C%2Fsvg%3E\" data-orig-src=\"https:\/\/seohun.hu\/wp-content\/uploads\/2012\/07\/gammatradeusa.jpg\" data-srcset=\"https:\/\/seohun.hu\/wp-content\/uploads\/2012\/07\/gammatradeusa-200x225.jpg 200w, https:\/\/seohun.hu\/wp-content\/uploads\/2012\/07\/gammatradeusa-400x450.jpg 400w, https:\/\/seohun.hu\/wp-content\/uploads\/2012\/07\/gammatradeusa-600x675.jpg 600w, https:\/\/seohun.hu\/wp-content\/uploads\/2012\/07\/gammatradeusa-800x899.jpg 800w, https:\/\/seohun.hu\/wp-content\/uploads\/2012\/07\/gammatradeusa-1200x1349.jpg 1200w, https:\/\/seohun.hu\/wp-content\/uploads\/2012\/07\/gammatradeusa.jpg 1240w\" data-sizes=\"auto\" title=\"\" data-orig-><div class=\"fusion-rollover\">\n\t<div class=\"fusion-rollover-content\">\n\n\t\t\t\t\t\t\t\t\t\t\t\t\t\t<a class=\"fusion-rollover-link\" href=\"https:\/\/seohun.hu\/en\/seo-referenciak\/gamma-trade-usa\/\">Gamma Trade USA<\/a>\n\t\t\t\n\t\t\t\t\t\t\t\t\n\t\t\n\t\t\t\t\t\t\t\t\n\t\t\t\t\t\t\t\t\n\t\t\n\t\t\t\t\t\t<a class=\"fusion-link-wrapper\" href=\"https:\/\/seohun.hu\/en\/seo-referenciak\/gamma-trade-usa\/\" aria-label=\"Gamma Trade USA\"><\/a>\n\t<\/div>\n<\/div>\n<\/div>\n<div class=\"fusion-portfolio-content\"><h2 class=\"entry-title fusion-post-title\"><a href=\"https:\/\/seohun.hu\/en\/seo-referenciak\/gamma-trade-usa\/\">Gamma Trade USA<\/a><\/h2><div class=\"fusion-portfolio-meta\"><a href=\"https:\/\/seohun.hu\/en\/portfolio_category\/seo-kialakitas\/\" rel=\"tag\">SEO<\/a>, <a href=\"https:\/\/seohun.hu\/en\/portfolio_category\/sem\/\" rel=\"tag\">SEM<\/a>, <a href=\"https:\/\/seohun.hu\/en\/portfolio_category\/seo-referenciak\/\" rel=\"tag\">SEO referenci\u00e1k<\/a><\/div><div class=\"fusion-post-content\"><p> Nemzetk\u00f6zi keres\u0151optimaliz\u00e1l\u00e1s, tartalom \u00e9s link\u00e9p\u00edt\u00e9s.    <\/p><\/div><\/div><\/div><\/article><article id=\"portfolio-1-post-17889\" class=\"fusion-portfolio-post seo-kialakitas sem seo-referenciak fusion-col-spacing post-17889\"><div class=\"fusion-portfolio-content-wrapper\" style=\"border:none;\"><span class=\"updated rich-snippet-hidden\">2019-05-28T12:38:42+02:00<\/span><div  class=\"fusion-image-wrapper\" aria-haspopup=\"true\">\n\t\t\t\t<img decoding=\"async\" width=\"2394\" height=\"1638\" src=\"https:\/\/seohun.hu\/wp-content\/uploads\/2012\/07\/kilincsek-postaladak.jpg\" class=\"attachment-full size-full lazyload wp-post-image\" alt=\"\" srcset=\"data:image\/svg+xml,%3Csvg%20xmlns%3D%27http%3A%2F%2Fwww.w3.org%2F2000%2Fsvg%27%20width%3D%272394%27%20height%3D%271638%27%20viewBox%3D%270%200%202394%201638%27%3E%3Crect%20width%3D%272394%27%20height%3D%271638%27%20fill-opacity%3D%220%22%2F%3E%3C%2Fsvg%3E\" data-orig-src=\"https:\/\/seohun.hu\/wp-content\/uploads\/2012\/07\/kilincsek-postaladak.jpg\" data-srcset=\"https:\/\/seohun.hu\/wp-content\/uploads\/2012\/07\/kilincsek-postaladak-200x137.jpg 200w, https:\/\/seohun.hu\/wp-content\/uploads\/2012\/07\/kilincsek-postaladak-400x274.jpg 400w, https:\/\/seohun.hu\/wp-content\/uploads\/2012\/07\/kilincsek-postaladak-600x411.jpg 600w, https:\/\/seohun.hu\/wp-content\/uploads\/2012\/07\/kilincsek-postaladak-800x547.jpg 800w, https:\/\/seohun.hu\/wp-content\/uploads\/2012\/07\/kilincsek-postaladak-1200x821.jpg 1200w, https:\/\/seohun.hu\/wp-content\/uploads\/2012\/07\/kilincsek-postaladak.jpg 2394w\" data-sizes=\"auto\" title=\"\" data-orig-><div class=\"fusion-rollover\">\n\t<div class=\"fusion-rollover-content\">\n\n\t\t\t\t\t\t\t\t\t\t\t\t\t\t<a class=\"fusion-rollover-link\" href=\"https:\/\/seohun.hu\/en\/seo-referenciak\/klucka-s-r-o\/\">KLUCKA s.r.o.<\/a>\n\t\t\t\n\t\t\t\t\t\t\t\t\n\t\t\n\t\t\t\t\t\t\t\t\n\t\t\t\t\t\t\t\t\n\t\t\n\t\t\t\t\t\t<a class=\"fusion-link-wrapper\" href=\"https:\/\/seohun.hu\/en\/seo-referenciak\/klucka-s-r-o\/\" aria-label=\"KLUCKA s.r.o.\"><\/a>\n\t<\/div>\n<\/div>\n<\/div>\n<div class=\"fusion-portfolio-content\"><h2 class=\"entry-title fusion-post-title\"><a href=\"https:\/\/seohun.hu\/en\/seo-referenciak\/klucka-s-r-o\/\">KLUCKA s.r.o.<\/a><\/h2><div class=\"fusion-portfolio-meta\"><a href=\"https:\/\/seohun.hu\/en\/portfolio_category\/seo-kialakitas\/\" rel=\"tag\">SEO<\/a>, <a href=\"https:\/\/seohun.hu\/en\/portfolio_category\/sem\/\" rel=\"tag\">SEM<\/a>, <a href=\"https:\/\/seohun.hu\/en\/portfolio_category\/seo-referenciak\/\" rel=\"tag\">SEO referenci\u00e1k<\/a><\/div><div class=\"fusion-post-content\"><p> kilincsek-postaladak.hu egyszeri SEO audit, technikai SEO \u00e9s havi munk\u00e1latok.<\/p><\/div><\/div><\/div><\/article><article id=\"portfolio-1-post-23958\" class=\"fusion-portfolio-post ads kozossegi-marketing-kampany local-seo pr-link fusion-col-spacing post-23958\"><div class=\"fusion-portfolio-content-wrapper\" style=\"border:none;\"><span class=\"updated rich-snippet-hidden\">2025-10-03T13:28:30+02:00<\/span><div  class=\"fusion-image-wrapper\" aria-haspopup=\"true\">\n\t\t\t\t<img decoding=\"async\" width=\"1456\" height=\"816\" src=\"https:\/\/seohun.hu\/wp-content\/uploads\/2025\/10\/portfolio66-3.png\" class=\"attachment-full size-full lazyload wp-post-image\" alt=\"\" srcset=\"data:image\/svg+xml,%3Csvg%20xmlns%3D%27http%3A%2F%2Fwww.w3.org%2F2000%2Fsvg%27%20width%3D%271456%27%20height%3D%27816%27%20viewBox%3D%270%200%201456%20816%27%3E%3Crect%20width%3D%271456%27%20height%3D%27816%27%20fill-opacity%3D%220%22%2F%3E%3C%2Fsvg%3E\" data-orig-src=\"https:\/\/seohun.hu\/wp-content\/uploads\/2025\/10\/portfolio66-3.png\" data-srcset=\"https:\/\/seohun.hu\/wp-content\/uploads\/2025\/10\/portfolio66-3-200x112.png 200w, https:\/\/seohun.hu\/wp-content\/uploads\/2025\/10\/portfolio66-3-400x224.png 400w, https:\/\/seohun.hu\/wp-content\/uploads\/2025\/10\/portfolio66-3-600x336.png 600w, https:\/\/seohun.hu\/wp-content\/uploads\/2025\/10\/portfolio66-3-800x448.png 800w, https:\/\/seohun.hu\/wp-content\/uploads\/2025\/10\/portfolio66-3-1200x673.png 1200w, https:\/\/seohun.hu\/wp-content\/uploads\/2025\/10\/portfolio66-3.png 1456w\" data-sizes=\"auto\" title=\"\" data-orig-><div class=\"fusion-rollover\">\n\t<div class=\"fusion-rollover-content\">\n\n\t\t\t\t\t\t\t\t\t\t\t\t\t\t<a class=\"fusion-rollover-link\" href=\"https:\/\/seohun.hu\/en\/seo-referenciak\/b2b-energetika-hu\/\">B2B energetika HU<\/a>\n\t\t\t\n\t\t\t\t\t\t\t\t\n\t\t\n\t\t\t\t\t\t\t\t\n\t\t\t\t\t\t\t\t\n\t\t\n\t\t\t\t\t\t<a class=\"fusion-link-wrapper\" href=\"https:\/\/seohun.hu\/en\/seo-referenciak\/b2b-energetika-hu\/\" aria-label=\"B2B energetika HU\"><\/a>\n\t<\/div>\n<\/div>\n<\/div>\n<div class=\"fusion-portfolio-content\"><h2 class=\"entry-title fusion-post-title\"><a href=\"https:\/\/seohun.hu\/en\/seo-referenciak\/b2b-energetika-hu\/\">B2B energetika HU<\/a><\/h2><div class=\"fusion-portfolio-meta\"><a href=\"https:\/\/seohun.hu\/en\/portfolio_category\/ads\/\" rel=\"tag\">Ads<\/a>, <a href=\"https:\/\/seohun.hu\/en\/portfolio_category\/kozossegi-marketing-kampany\/\" rel=\"tag\">K\u00f6z\u00f6ss\u00e9gi marketing<\/a>, <a href=\"https:\/\/seohun.hu\/en\/portfolio_category\/local-seo\/\" rel=\"tag\">Local SEO<\/a>, <a href=\"https:\/\/seohun.hu\/en\/portfolio_category\/pr-link\/\" rel=\"tag\">PR\/Link<\/a><\/div><div class=\"fusion-post-content\"><p>R\u00f6vid le\u00edr\u00e1s: niche kulcsszavak + whitepaper leadmagnet.C\u00e9lok &amp; KPI-k: lead\/h\u00e9t;<\/p><\/div><\/div><\/div><\/article><article id=\"portfolio-1-post-23902\" class=\"fusion-portfolio-post ads fusion-col-spacing post-23902\"><div class=\"fusion-portfolio-content-wrapper\" style=\"border:none;\"><span class=\"updated rich-snippet-hidden\">2025-10-03T11:35:31+02:00<\/span><div  class=\"fusion-image-wrapper\" aria-haspopup=\"true\">\n\t\t\t\t<img decoding=\"async\" width=\"1456\" height=\"816\" src=\"https:\/\/seohun.hu\/wp-content\/uploads\/2025\/10\/portfolio2025-1.png\" class=\"attachment-full size-full lazyload wp-post-image\" alt=\"\" srcset=\"data:image\/svg+xml,%3Csvg%20xmlns%3D%27http%3A%2F%2Fwww.w3.org%2F2000%2Fsvg%27%20width%3D%271456%27%20height%3D%27816%27%20viewBox%3D%270%200%201456%20816%27%3E%3Crect%20width%3D%271456%27%20height%3D%27816%27%20fill-opacity%3D%220%22%2F%3E%3C%2Fsvg%3E\" data-orig-src=\"https:\/\/seohun.hu\/wp-content\/uploads\/2025\/10\/portfolio2025-1.png\" data-srcset=\"https:\/\/seohun.hu\/wp-content\/uploads\/2025\/10\/portfolio2025-1-200x112.png 200w, https:\/\/seohun.hu\/wp-content\/uploads\/2025\/10\/portfolio2025-1-400x224.png 400w, https:\/\/seohun.hu\/wp-content\/uploads\/2025\/10\/portfolio2025-1-600x336.png 600w, https:\/\/seohun.hu\/wp-content\/uploads\/2025\/10\/portfolio2025-1-800x448.png 800w, https:\/\/seohun.hu\/wp-content\/uploads\/2025\/10\/portfolio2025-1-1200x673.png 1200w, https:\/\/seohun.hu\/wp-content\/uploads\/2025\/10\/portfolio2025-1.png 1456w\" data-sizes=\"auto\" title=\"\" data-orig-><div class=\"fusion-rollover\">\n\t<div class=\"fusion-rollover-content\">\n\n\t\t\t\t\t\t\t\t\t\t\t\t\t\t<a class=\"fusion-rollover-link\" href=\"https:\/\/seohun.hu\/en\/seo-referenciak\/srb-d2c-textil-%e2%86%92-hu\/\">SRB D2C textil \u2192 HU<\/a>\n\t\t\t\n\t\t\t\t\t\t\t\t\n\t\t\n\t\t\t\t\t\t\t\t\n\t\t\t\t\t\t\t\t\n\t\t\n\t\t\t\t\t\t<a class=\"fusion-link-wrapper\" href=\"https:\/\/seohun.hu\/en\/seo-referenciak\/srb-d2c-textil-%e2%86%92-hu\/\" aria-label=\"SRB D2C textil \u2192 HU\"><\/a>\n\t<\/div>\n<\/div>\n<\/div>\n<div class=\"fusion-portfolio-content\"><h2 class=\"entry-title fusion-post-title\"><a href=\"https:\/\/seohun.hu\/en\/seo-referenciak\/srb-d2c-textil-%e2%86%92-hu\/\">SRB D2C textil \u2192 HU<\/a><\/h2><div class=\"fusion-portfolio-meta\"><a href=\"https:\/\/seohun.hu\/en\/portfolio_category\/ads\/\" rel=\"tag\">Ads<\/a><\/div><div class=\"fusion-post-content\"><p>R\u00f6vid le\u00edr\u00e1s: Szerb D2C m\u00e1rka HU vev\u0151ket c\u00e9loz. HU landing,<\/p><\/div><\/div><\/div><\/article><\/div><div class=\"fusion-infinite-scroll-trigger\"><\/div><div class=\"pagination infinite-scroll clearfix\" style=\"display:none;\"><span class=\"current\">1<\/span><a href=\"https:\/\/seohun.hu\/en\/wp-json\/wp\/v2\/pages\/17942\/page\/2\/\" class=\"inactive\">2<\/a><a class=\"pagination-next\" rel=\"next\" href=\"https:\/\/seohun.hu\/en\/wp-json\/wp\/v2\/pages\/17942\/page\/2\/\"><span class=\"page-text\">Next<\/span><span class=\"page-next\"><\/span><\/a><\/div><div class=\"fusion-clearfix\"><\/div><\/div><div class=\"fusion-clearfix\"><\/div><\/div><\/div><\/div><\/div>\n","protected":false},"excerpt":{"rendered":"","protected":false},"author":1,"featured_media":0,"parent":0,"menu_order":0,"comment_status":"closed","ping_status":"closed","template":"","meta":{"googlesitekit_rrm_CAow9c6ZCw:productID":"","footnotes":""},"class_list":["post-17942","page","type-page","status-publish","hentry"],"_links":{"self":[{"href":"https:\/\/seohun.hu\/en\/wp-json\/wp\/v2\/pages\/17942","targetHints":{"allow":["GET"]}}],"collection":[{"href":"https:\/\/seohun.hu\/en\/wp-json\/wp\/v2\/pages"}],"about":[{"href":"https:\/\/seohun.hu\/en\/wp-json\/wp\/v2\/types\/page"}],"author":[{"embeddable":true,"href":"https:\/\/seohun.hu\/en\/wp-json\/wp\/v2\/users\/1"}],"replies":[{"embeddable":true,"href":"https:\/\/seohun.hu\/en\/wp-json\/wp\/v2\/comments?post=17942"}],"version-history":[{"count":0,"href":"https:\/\/seohun.hu\/en\/wp-json\/wp\/v2\/pages\/17942\/revisions"}],"wp:attachment":[{"href":"https:\/\/seohun.hu\/en\/wp-json\/wp\/v2\/media?parent=17942"}],"curies":[{"name":"wp","href":"https:\/\/api.w.org\/{rel}","templated":true}]}}