{"id":17942,"date":"2019-06-01T18:48:06","date_gmt":"2019-06-01T16:48:06","guid":{"rendered":"https:\/\/seohun.hu\/?page_id=17942"},"modified":"2019-06-01T18:59:03","modified_gmt":"2019-06-01T16:59:03","slug":"referencia-munkak","status":"publish","type":"page","link":"https:\/\/seohun.hu\/hu_hu\/referencia-munkak\/","title":{"rendered":"Referencia munk\u00e1k"},"content":{"rendered":"<div class=\"fusion-fullwidth fullwidth-box fusion-builder-row-1 nonhundred-percent-fullwidth non-hundred-percent-height-scrolling\" style=\"background-color: rgba(255,255,255,0);background-position: center center;background-repeat: no-repeat;padding-top:10px;padding-right:10px;padding-bottom:10px;padding-left:10px;margin-bottom: 10px;margin-top: 10px;border-width: 6px 0px 6px 0px;border-color:#ff9800;border-style:solid;\" ><div class=\"fusion-builder-row fusion-row\"><div class=\"fusion-layout-column fusion_builder_column fusion-builder-column-0 fusion_builder_column_1_1 1_1 fusion-one-full fusion-column-first fusion-column-last\" style=\"margin-top:0px;margin-bottom:20px;\"><div class=\"fusion-column-wrapper fusion-flex-column-wrapper-legacy\" style=\"background-position:left top;background-repeat:no-repeat;-webkit-background-size:cover;-moz-background-size:cover;-o-background-size:cover;background-size:cover;padding: 0px 0px 0px 0px;\"><style type=\"text\/css\">.fusion-portfolio-wrapper#fusion-portfolio-1 .fusion-portfolio-content{  text-align: center; }<\/style><div class=\"fusion-recent-works fusion-portfolio-element fusion-portfolio fusion-portfolio-1 fusion-portfolio-grid fusion-portfolio-paging-infinite fusion-portfolio-four fusion-portfolio-unboxed fusion-portfolio-text fusion-portfolio-rollover\" data-id=\"-rw-1\" data-columns=\"four\"><div role=\"menubar\"><ul class=\"fusion-filters\" role=\"menu\" aria-label=\"filters\"><li role=\"menuitem\" class=\"fusion-filter fusion-filter-all fusion-active\"><a href=\"#\" data-filter=\"*\">All<\/a><\/li><li role=\"menuitem\" class=\"fusion-filter fusion-hidden\"><a href=\"#\" data-filter=\".ads\">Ads<\/a><\/li><li role=\"menuitem\" class=\"fusion-filter fusion-hidden\"><a href=\"#\" data-filter=\".design\">Arculattervez\u00e9s<\/a><\/li><li role=\"menuitem\" class=\"fusion-filter fusion-hidden\"><a href=\"#\" data-filter=\".forditas\">Ford\u00edt\u00e1s<\/a><\/li><li role=\"menuitem\" class=\"fusion-filter fusion-hidden\"><a href=\"#\" data-filter=\".honlapkeszites\">Honlapk\u00e9sz\u00edt\u00e9s<\/a><\/li><li role=\"menuitem\" class=\"fusion-filter fusion-hidden\"><a href=\"#\" data-filter=\".kozossegi-marketing-kampany\">K\u00f6z\u00f6ss\u00e9gi marketing<\/a><\/li><li role=\"menuitem\" class=\"fusion-filter fusion-hidden\"><a href=\"#\" data-filter=\".local-seo\">Local SEO<\/a><\/li><li role=\"menuitem\" class=\"fusion-filter fusion-hidden\"><a href=\"#\" data-filter=\".pr-link\">PR\/Link<\/a><\/li><li role=\"menuitem\" class=\"fusion-filter fusion-hidden\"><a href=\"#\" data-filter=\".sem\">SEM<\/a><\/li><li role=\"menuitem\" class=\"fusion-filter fusion-hidden\"><a href=\"#\" data-filter=\".seo-kialakitas\">SEO<\/a><\/li><li role=\"menuitem\" class=\"fusion-filter fusion-hidden\"><a href=\"#\" data-filter=\".seo-referenciak\">SEO referenci\u00e1k<\/a><\/li><li role=\"menuitem\" class=\"fusion-filter fusion-hidden\"><a href=\"#\" data-filter=\".video-keszites\">Vide\u00f3 k\u00e9sz\u00edt\u00e9s<\/a><\/li><li role=\"menuitem\" class=\"fusion-filter fusion-hidden\"><a href=\"#\" data-filter=\".webaruhaz-keszites\">Web\u00e1ruh\u00e1z k\u00e9sz\u00edt\u00e9s<\/a><\/li><\/ul><\/div><style type=\"text\/css\">.fusion-portfolio-1 .fusion-portfolio-wrapper .fusion-col-spacing{padding:10px;}<\/style><div class=\"fusion-portfolio-wrapper\" id=\"fusion-portfolio-1\" data-picturesize=\"auto\" data-pages=\"7\" style=\"margin:-10px;\"><article id=\"portfolio-1-post-18285\" class=\"fusion-portfolio-post honlapkeszites webaruhaz-keszites fusion-col-spacing post-18285\"><div class=\"fusion-portfolio-content-wrapper\" style=\"border:none;\"><span class=\"updated rich-snippet-hidden\">2022-04-29T16:55:37+02:00<\/span><div  class=\"fusion-image-wrapper\" aria-haspopup=\"true\">\n\t\t\t\t<img decoding=\"async\" width=\"1780\" height=\"1176\" src=\"https:\/\/seohun.hu\/wp-content\/uploads\/2022\/04\/e-chargerhu.png\" class=\"attachment-full size-full lazyload wp-post-image\" alt=\"\" srcset=\"data:image\/svg+xml,%3Csvg%20xmlns%3D%27http%3A%2F%2Fwww.w3.org%2F2000%2Fsvg%27%20width%3D%271780%27%20height%3D%271176%27%20viewBox%3D%270%200%201780%201176%27%3E%3Crect%20width%3D%271780%27%20height%3D%271176%27%20fill-opacity%3D%220%22%2F%3E%3C%2Fsvg%3E\" data-orig-src=\"https:\/\/seohun.hu\/wp-content\/uploads\/2022\/04\/e-chargerhu.png\" data-srcset=\"https:\/\/seohun.hu\/wp-content\/uploads\/2022\/04\/e-chargerhu-200x132.png 200w, https:\/\/seohun.hu\/wp-content\/uploads\/2022\/04\/e-chargerhu-400x264.png 400w, https:\/\/seohun.hu\/wp-content\/uploads\/2022\/04\/e-chargerhu-600x396.png 600w, https:\/\/seohun.hu\/wp-content\/uploads\/2022\/04\/e-chargerhu-800x529.png 800w, https:\/\/seohun.hu\/wp-content\/uploads\/2022\/04\/e-chargerhu-1200x793.png 1200w, https:\/\/seohun.hu\/wp-content\/uploads\/2022\/04\/e-chargerhu.png 1780w\" data-sizes=\"auto\" title=\"\" data-orig-><div class=\"fusion-rollover\">\n\t<div class=\"fusion-rollover-content\">\n\n\t\t\t\t\t\t\t\t\t\t\t\t\t\t<a class=\"fusion-rollover-link\" href=\"https:\/\/seohun.hu\/hu_hu\/seo-referenciak\/elektromos-autotolto-webaruhaz\/\">Elektromos aut\u00f3t\u00f6lt\u0151 web\u00e1ruh\u00e1z<\/a>\n\t\t\t\n\t\t\t\t\t\t\t\t\n\t\t\n\t\t\t\t\t\t\t\t\n\t\t\t\t\t\t\t\t\n\t\t\n\t\t\t\t\t\t<a class=\"fusion-link-wrapper\" href=\"https:\/\/seohun.hu\/hu_hu\/seo-referenciak\/elektromos-autotolto-webaruhaz\/\" aria-label=\"Elektromos aut\u00f3t\u00f6lt\u0151 web\u00e1ruh\u00e1z\"><\/a>\n\t<\/div>\n<\/div>\n<\/div>\n<div class=\"fusion-portfolio-content\"><h2 class=\"entry-title fusion-post-title\"><a href=\"https:\/\/seohun.hu\/hu_hu\/seo-referenciak\/elektromos-autotolto-webaruhaz\/\">Elektromos aut\u00f3t\u00f6lt\u0151 web\u00e1ruh\u00e1z<\/a><\/h2><div class=\"fusion-portfolio-meta\"><a href=\"https:\/\/seohun.hu\/hu_hu\/portfolio_category\/honlapkeszites\/\" rel=\"tag\">Honlapk\u00e9sz\u00edt\u00e9s<\/a>, <a href=\"https:\/\/seohun.hu\/hu_hu\/portfolio_category\/webaruhaz-keszites\/\" rel=\"tag\">Web\u00e1ruh\u00e1z k\u00e9sz\u00edt\u00e9s<\/a><\/div><div class=\"fusion-post-content\"><p><\/p><\/div><\/div><\/div><\/article><article id=\"portfolio-1-post-13201\" class=\"fusion-portfolio-post design honlapkeszites fusion-col-spacing post-13201\"><div class=\"fusion-portfolio-content-wrapper\" style=\"border:none;\"><span class=\"updated rich-snippet-hidden\">2017-05-13T14:32:21+02:00<\/span><div  class=\"fusion-image-wrapper\" aria-haspopup=\"true\">\n\t\t\t\t<img decoding=\"async\" width=\"1280\" height=\"1200\" src=\"https:\/\/seohun.hu\/wp-content\/uploads\/2017\/05\/asztalosneked_tervezet.jpg\" class=\"attachment-full size-full lazyload wp-post-image\" alt=\"\" srcset=\"data:image\/svg+xml,%3Csvg%20xmlns%3D%27http%3A%2F%2Fwww.w3.org%2F2000%2Fsvg%27%20width%3D%271280%27%20height%3D%271200%27%20viewBox%3D%270%200%201280%201200%27%3E%3Crect%20width%3D%271280%27%20height%3D%271200%27%20fill-opacity%3D%220%22%2F%3E%3C%2Fsvg%3E\" data-orig-src=\"https:\/\/seohun.hu\/wp-content\/uploads\/2017\/05\/asztalosneked_tervezet.jpg\" data-srcset=\"https:\/\/seohun.hu\/wp-content\/uploads\/2017\/05\/asztalosneked_tervezet-200x188.jpg 200w, https:\/\/seohun.hu\/wp-content\/uploads\/2017\/05\/asztalosneked_tervezet-400x375.jpg 400w, https:\/\/seohun.hu\/wp-content\/uploads\/2017\/05\/asztalosneked_tervezet-600x563.jpg 600w, https:\/\/seohun.hu\/wp-content\/uploads\/2017\/05\/asztalosneked_tervezet-800x750.jpg 800w, https:\/\/seohun.hu\/wp-content\/uploads\/2017\/05\/asztalosneked_tervezet-1200x1125.jpg 1200w, https:\/\/seohun.hu\/wp-content\/uploads\/2017\/05\/asztalosneked_tervezet.jpg 1280w\" data-sizes=\"auto\" title=\"\" data-orig-><div class=\"fusion-rollover\">\n\t<div class=\"fusion-rollover-content\">\n\n\t\t\t\t\t\t\t\t\t\t\t\t\t\t<a class=\"fusion-rollover-link\" href=\"https:\/\/seohun.hu\/hu_hu\/seo-referenciak\/asztalos-kereso\/\">Asztalos keres\u0151<\/a>\n\t\t\t\n\t\t\t\t\t\t\t\t\n\t\t\n\t\t\t\t\t\t\t\t\n\t\t\t\t\t\t\t\t\n\t\t\n\t\t\t\t\t\t<a class=\"fusion-link-wrapper\" href=\"https:\/\/seohun.hu\/hu_hu\/seo-referenciak\/asztalos-kereso\/\" aria-label=\"Asztalos keres\u0151\"><\/a>\n\t<\/div>\n<\/div>\n<\/div>\n<div class=\"fusion-portfolio-content\"><h2 class=\"entry-title fusion-post-title\"><a href=\"https:\/\/seohun.hu\/hu_hu\/seo-referenciak\/asztalos-kereso\/\">Asztalos keres\u0151<\/a><\/h2><div class=\"fusion-portfolio-meta\"><a href=\"https:\/\/seohun.hu\/hu_hu\/portfolio_category\/design\/\" rel=\"tag\">Arculattervez\u00e9s<\/a>, <a href=\"https:\/\/seohun.hu\/hu_hu\/portfolio_category\/honlapkeszites\/\" rel=\"tag\">Honlapk\u00e9sz\u00edt\u00e9s<\/a><\/div><div class=\"fusion-post-content\"><p><\/p><\/div><\/div><\/div><\/article><article id=\"portfolio-1-post-23926\" class=\"fusion-portfolio-post seo-kialakitas fusion-col-spacing post-23926\"><div class=\"fusion-portfolio-content-wrapper\" style=\"border:none;\"><span class=\"updated rich-snippet-hidden\">2025-10-03T12:12:43+02:00<\/span><div  class=\"fusion-image-wrapper\" aria-haspopup=\"true\">\n\t\t\t\t<img decoding=\"async\" width=\"1456\" height=\"816\" src=\"https:\/\/seohun.hu\/wp-content\/uploads\/2025\/10\/portfolio3-1.png\" class=\"attachment-full size-full lazyload wp-post-image\" alt=\"\" srcset=\"data:image\/svg+xml,%3Csvg%20xmlns%3D%27http%3A%2F%2Fwww.w3.org%2F2000%2Fsvg%27%20width%3D%271456%27%20height%3D%27816%27%20viewBox%3D%270%200%201456%20816%27%3E%3Crect%20width%3D%271456%27%20height%3D%27816%27%20fill-opacity%3D%220%22%2F%3E%3C%2Fsvg%3E\" data-orig-src=\"https:\/\/seohun.hu\/wp-content\/uploads\/2025\/10\/portfolio3-1.png\" data-srcset=\"https:\/\/seohun.hu\/wp-content\/uploads\/2025\/10\/portfolio3-1-200x112.png 200w, https:\/\/seohun.hu\/wp-content\/uploads\/2025\/10\/portfolio3-1-400x224.png 400w, https:\/\/seohun.hu\/wp-content\/uploads\/2025\/10\/portfolio3-1-600x336.png 600w, https:\/\/seohun.hu\/wp-content\/uploads\/2025\/10\/portfolio3-1-800x448.png 800w, https:\/\/seohun.hu\/wp-content\/uploads\/2025\/10\/portfolio3-1-1200x673.png 1200w, https:\/\/seohun.hu\/wp-content\/uploads\/2025\/10\/portfolio3-1.png 1456w\" data-sizes=\"auto\" title=\"\" data-orig-><div class=\"fusion-rollover\">\n\t<div class=\"fusion-rollover-content\">\n\n\t\t\t\t\t\t\t\t\t\t\t\t\t\t<a class=\"fusion-rollover-link\" href=\"https:\/\/seohun.hu\/hu_hu\/seo-referenciak\/finserv-hu-leadgen\/\">FinServ HU leadgen<\/a>\n\t\t\t\n\t\t\t\t\t\t\t\t\n\t\t\n\t\t\t\t\t\t\t\t\n\t\t\t\t\t\t\t\t\n\t\t\n\t\t\t\t\t\t<a class=\"fusion-link-wrapper\" href=\"https:\/\/seohun.hu\/hu_hu\/seo-referenciak\/finserv-hu-leadgen\/\" aria-label=\"FinServ HU leadgen\"><\/a>\n\t<\/div>\n<\/div>\n<\/div>\n<div class=\"fusion-portfolio-content\"><h2 class=\"entry-title fusion-post-title\"><a href=\"https:\/\/seohun.hu\/hu_hu\/seo-referenciak\/finserv-hu-leadgen\/\">FinServ HU leadgen<\/a><\/h2><div class=\"fusion-portfolio-meta\"><a href=\"https:\/\/seohun.hu\/hu_hu\/portfolio_category\/seo-kialakitas\/\" rel=\"tag\">SEO<\/a><\/div><div class=\"fusion-post-content\"><p>R\u00f6vid le\u00edr\u00e1s: Form refaktor (3 mez\u0151), honeypot, server-side valid\u00e1ci\u00f3; Search<\/p><\/div><\/div><\/div><\/article><article id=\"portfolio-1-post-23961\" class=\"fusion-portfolio-post ads kozossegi-marketing-kampany pr-link seo-kialakitas video-keszites fusion-col-spacing post-23961\"><div class=\"fusion-portfolio-content-wrapper\" style=\"border:none;\"><span class=\"updated rich-snippet-hidden\">2025-10-03T13:29:38+02:00<\/span><div  class=\"fusion-image-wrapper\" aria-haspopup=\"true\">\n\t\t\t\t<img decoding=\"async\" width=\"1456\" height=\"816\" src=\"https:\/\/seohun.hu\/wp-content\/uploads\/2025\/10\/portfolio66-1.png\" class=\"attachment-full size-full lazyload wp-post-image\" alt=\"\" srcset=\"data:image\/svg+xml,%3Csvg%20xmlns%3D%27http%3A%2F%2Fwww.w3.org%2F2000%2Fsvg%27%20width%3D%271456%27%20height%3D%27816%27%20viewBox%3D%270%200%201456%20816%27%3E%3Crect%20width%3D%271456%27%20height%3D%27816%27%20fill-opacity%3D%220%22%2F%3E%3C%2Fsvg%3E\" data-orig-src=\"https:\/\/seohun.hu\/wp-content\/uploads\/2025\/10\/portfolio66-1.png\" data-srcset=\"https:\/\/seohun.hu\/wp-content\/uploads\/2025\/10\/portfolio66-1-200x112.png 200w, https:\/\/seohun.hu\/wp-content\/uploads\/2025\/10\/portfolio66-1-400x224.png 400w, https:\/\/seohun.hu\/wp-content\/uploads\/2025\/10\/portfolio66-1-600x336.png 600w, https:\/\/seohun.hu\/wp-content\/uploads\/2025\/10\/portfolio66-1-800x448.png 800w, https:\/\/seohun.hu\/wp-content\/uploads\/2025\/10\/portfolio66-1-1200x673.png 1200w, https:\/\/seohun.hu\/wp-content\/uploads\/2025\/10\/portfolio66-1.png 1456w\" data-sizes=\"auto\" title=\"\" data-orig-><div class=\"fusion-rollover\">\n\t<div class=\"fusion-rollover-content\">\n\n\t\t\t\t\t\t\t\t\t\t\t\t\t\t<a class=\"fusion-rollover-link\" href=\"https:\/\/seohun.hu\/hu_hu\/seo-referenciak\/turizmus-budapest-cn-en\/\">Turizmus Budapest (CN\/EN)<\/a>\n\t\t\t\n\t\t\t\t\t\t\t\t\n\t\t\n\t\t\t\t\t\t\t\t\n\t\t\t\t\t\t\t\t\n\t\t\n\t\t\t\t\t\t<a class=\"fusion-link-wrapper\" href=\"https:\/\/seohun.hu\/hu_hu\/seo-referenciak\/turizmus-budapest-cn-en\/\" aria-label=\"Turizmus Budapest (CN\/EN)\"><\/a>\n\t<\/div>\n<\/div>\n<\/div>\n<div class=\"fusion-portfolio-content\"><h2 class=\"entry-title fusion-post-title\"><a href=\"https:\/\/seohun.hu\/hu_hu\/seo-referenciak\/turizmus-budapest-cn-en\/\">Turizmus Budapest (CN\/EN)<\/a><\/h2><div class=\"fusion-portfolio-meta\"><a href=\"https:\/\/seohun.hu\/hu_hu\/portfolio_category\/ads\/\" rel=\"tag\">Ads<\/a>, <a href=\"https:\/\/seohun.hu\/hu_hu\/portfolio_category\/kozossegi-marketing-kampany\/\" rel=\"tag\">K\u00f6z\u00f6ss\u00e9gi marketing<\/a>, <a href=\"https:\/\/seohun.hu\/hu_hu\/portfolio_category\/pr-link\/\" rel=\"tag\">PR\/Link<\/a>, <a href=\"https:\/\/seohun.hu\/hu_hu\/portfolio_category\/seo-kialakitas\/\" rel=\"tag\">SEO<\/a>, <a href=\"https:\/\/seohun.hu\/hu_hu\/portfolio_category\/video-keszites\/\" rel=\"tag\">Vide\u00f3 k\u00e9sz\u00edt\u00e9s<\/a><\/div><div class=\"fusion-post-content\"><p>R\u00f6vid le\u00edr\u00e1s: CN\/EN landing; WeChat Channels + GAds hotel search.C\u00e9lok<\/p><\/div><\/div><\/div><\/article><article id=\"portfolio-1-post-17909\" class=\"fusion-portfolio-post seo-kialakitas sem seo-referenciak fusion-col-spacing post-17909\"><div class=\"fusion-portfolio-content-wrapper\" style=\"border:none;\"><span class=\"updated rich-snippet-hidden\">2019-05-29T12:49:52+02:00<\/span><div  class=\"fusion-image-wrapper\" aria-haspopup=\"true\">\n\t\t\t\t<img decoding=\"async\" width=\"1240\" height=\"1394\" src=\"https:\/\/seohun.hu\/wp-content\/uploads\/2012\/07\/gammatradeusa.jpg\" class=\"attachment-full size-full lazyload wp-post-image\" alt=\"\" srcset=\"data:image\/svg+xml,%3Csvg%20xmlns%3D%27http%3A%2F%2Fwww.w3.org%2F2000%2Fsvg%27%20width%3D%271240%27%20height%3D%271394%27%20viewBox%3D%270%200%201240%201394%27%3E%3Crect%20width%3D%271240%27%20height%3D%271394%27%20fill-opacity%3D%220%22%2F%3E%3C%2Fsvg%3E\" data-orig-src=\"https:\/\/seohun.hu\/wp-content\/uploads\/2012\/07\/gammatradeusa.jpg\" data-srcset=\"https:\/\/seohun.hu\/wp-content\/uploads\/2012\/07\/gammatradeusa-200x225.jpg 200w, https:\/\/seohun.hu\/wp-content\/uploads\/2012\/07\/gammatradeusa-400x450.jpg 400w, https:\/\/seohun.hu\/wp-content\/uploads\/2012\/07\/gammatradeusa-600x675.jpg 600w, https:\/\/seohun.hu\/wp-content\/uploads\/2012\/07\/gammatradeusa-800x899.jpg 800w, https:\/\/seohun.hu\/wp-content\/uploads\/2012\/07\/gammatradeusa-1200x1349.jpg 1200w, https:\/\/seohun.hu\/wp-content\/uploads\/2012\/07\/gammatradeusa.jpg 1240w\" data-sizes=\"auto\" title=\"\" data-orig-><div class=\"fusion-rollover\">\n\t<div class=\"fusion-rollover-content\">\n\n\t\t\t\t\t\t\t\t\t\t\t\t\t\t<a class=\"fusion-rollover-link\" href=\"https:\/\/seohun.hu\/hu_hu\/seo-referenciak\/gamma-trade-usa\/\">Gamma Trade USA<\/a>\n\t\t\t\n\t\t\t\t\t\t\t\t\n\t\t\n\t\t\t\t\t\t\t\t\n\t\t\t\t\t\t\t\t\n\t\t\n\t\t\t\t\t\t<a class=\"fusion-link-wrapper\" href=\"https:\/\/seohun.hu\/hu_hu\/seo-referenciak\/gamma-trade-usa\/\" aria-label=\"Gamma Trade USA\"><\/a>\n\t<\/div>\n<\/div>\n<\/div>\n<div class=\"fusion-portfolio-content\"><h2 class=\"entry-title fusion-post-title\"><a href=\"https:\/\/seohun.hu\/hu_hu\/seo-referenciak\/gamma-trade-usa\/\">Gamma Trade USA<\/a><\/h2><div class=\"fusion-portfolio-meta\"><a href=\"https:\/\/seohun.hu\/hu_hu\/portfolio_category\/seo-kialakitas\/\" rel=\"tag\">SEO<\/a>, <a href=\"https:\/\/seohun.hu\/hu_hu\/portfolio_category\/sem\/\" rel=\"tag\">SEM<\/a>, <a href=\"https:\/\/seohun.hu\/hu_hu\/portfolio_category\/seo-referenciak\/\" rel=\"tag\">SEO referenci\u00e1k<\/a><\/div><div class=\"fusion-post-content\"><p> Nemzetk\u00f6zi keres\u0151optimaliz\u00e1l\u00e1s, tartalom \u00e9s link\u00e9p\u00edt\u00e9s.    <\/p><\/div><\/div><\/div><\/article><article id=\"portfolio-1-post-13197\" class=\"fusion-portfolio-post design honlapkeszites fusion-col-spacing post-13197\"><div class=\"fusion-portfolio-content-wrapper\" style=\"border:none;\"><span class=\"updated rich-snippet-hidden\">2017-05-13T14:32:22+02:00<\/span><div  class=\"fusion-image-wrapper\" aria-haspopup=\"true\">\n\t\t\t\t<img decoding=\"async\" width=\"1400\" height=\"2352\" src=\"https:\/\/seohun.hu\/wp-content\/uploads\/2017\/05\/agromarket_01.png\" class=\"attachment-full size-full lazyload wp-post-image\" alt=\"\" srcset=\"data:image\/svg+xml,%3Csvg%20xmlns%3D%27http%3A%2F%2Fwww.w3.org%2F2000%2Fsvg%27%20width%3D%271400%27%20height%3D%272352%27%20viewBox%3D%270%200%201400%202352%27%3E%3Crect%20width%3D%271400%27%20height%3D%272352%27%20fill-opacity%3D%220%22%2F%3E%3C%2Fsvg%3E\" data-orig-src=\"https:\/\/seohun.hu\/wp-content\/uploads\/2017\/05\/agromarket_01.png\" data-srcset=\"https:\/\/seohun.hu\/wp-content\/uploads\/2017\/05\/agromarket_01-200x336.png 200w, https:\/\/seohun.hu\/wp-content\/uploads\/2017\/05\/agromarket_01-400x672.png 400w, https:\/\/seohun.hu\/wp-content\/uploads\/2017\/05\/agromarket_01-600x1008.png 600w, https:\/\/seohun.hu\/wp-content\/uploads\/2017\/05\/agromarket_01-800x1344.png 800w, https:\/\/seohun.hu\/wp-content\/uploads\/2017\/05\/agromarket_01-1200x2016.png 1200w, https:\/\/seohun.hu\/wp-content\/uploads\/2017\/05\/agromarket_01.png 1400w\" data-sizes=\"auto\" title=\"\" data-orig-><div class=\"fusion-rollover\">\n\t<div class=\"fusion-rollover-content\">\n\n\t\t\t\t\t\t\t\t\t\t\t\t\t\t<a class=\"fusion-rollover-link\" href=\"https:\/\/seohun.hu\/hu_hu\/seo-referenciak\/agromarket\/\">Agromarket<\/a>\n\t\t\t\n\t\t\t\t\t\t\t\t\n\t\t\n\t\t\t\t\t\t\t\t\n\t\t\t\t\t\t\t\t\n\t\t\n\t\t\t\t\t\t<a class=\"fusion-link-wrapper\" href=\"https:\/\/seohun.hu\/hu_hu\/seo-referenciak\/agromarket\/\" aria-label=\"Agromarket\"><\/a>\n\t<\/div>\n<\/div>\n<\/div>\n<div class=\"fusion-portfolio-content\"><h2 class=\"entry-title fusion-post-title\"><a href=\"https:\/\/seohun.hu\/hu_hu\/seo-referenciak\/agromarket\/\">Agromarket<\/a><\/h2><div class=\"fusion-portfolio-meta\"><a href=\"https:\/\/seohun.hu\/hu_hu\/portfolio_category\/design\/\" rel=\"tag\">Arculattervez\u00e9s<\/a>, <a href=\"https:\/\/seohun.hu\/hu_hu\/portfolio_category\/honlapkeszites\/\" rel=\"tag\">Honlapk\u00e9sz\u00edt\u00e9s<\/a><\/div><div class=\"fusion-post-content\"><p><\/p><\/div><\/div><\/div><\/article><article id=\"portfolio-1-post-17897\" class=\"fusion-portfolio-post kozossegi-marketing-kampany seo-kialakitas fusion-col-spacing post-17897\"><div class=\"fusion-portfolio-content-wrapper\" style=\"border:none;\"><span class=\"updated rich-snippet-hidden\">2019-05-28T12:51:17+02:00<\/span><div  class=\"fusion-image-wrapper\" aria-haspopup=\"true\">\n\t\t\t\t<img decoding=\"async\" width=\"1316\" height=\"1550\" src=\"https:\/\/seohun.hu\/wp-content\/uploads\/2012\/07\/ekszerm.jpg\" class=\"attachment-full size-full lazyload wp-post-image\" alt=\"\" srcset=\"data:image\/svg+xml,%3Csvg%20xmlns%3D%27http%3A%2F%2Fwww.w3.org%2F2000%2Fsvg%27%20width%3D%271316%27%20height%3D%271550%27%20viewBox%3D%270%200%201316%201550%27%3E%3Crect%20width%3D%271316%27%20height%3D%271550%27%20fill-opacity%3D%220%22%2F%3E%3C%2Fsvg%3E\" data-orig-src=\"https:\/\/seohun.hu\/wp-content\/uploads\/2012\/07\/ekszerm.jpg\" data-srcset=\"https:\/\/seohun.hu\/wp-content\/uploads\/2012\/07\/ekszerm-200x236.jpg 200w, https:\/\/seohun.hu\/wp-content\/uploads\/2012\/07\/ekszerm-400x471.jpg 400w, https:\/\/seohun.hu\/wp-content\/uploads\/2012\/07\/ekszerm-600x707.jpg 600w, https:\/\/seohun.hu\/wp-content\/uploads\/2012\/07\/ekszerm-800x942.jpg 800w, https:\/\/seohun.hu\/wp-content\/uploads\/2012\/07\/ekszerm-1200x1413.jpg 1200w, https:\/\/seohun.hu\/wp-content\/uploads\/2012\/07\/ekszerm.jpg 1316w\" data-sizes=\"auto\" title=\"\" data-orig-><div class=\"fusion-rollover\">\n\t<div class=\"fusion-rollover-content\">\n\n\t\t\t\t\t\t\t\t\t\t\t\t\t\t<a class=\"fusion-rollover-link\" href=\"https:\/\/seohun.hu\/hu_hu\/seo-referenciak\/ekszer-m-kft\/\">\u00c9kszer-M Kft.<\/a>\n\t\t\t\n\t\t\t\t\t\t\t\t\n\t\t\n\t\t\t\t\t\t\t\t\n\t\t\t\t\t\t\t\t\n\t\t\n\t\t\t\t\t\t<a class=\"fusion-link-wrapper\" href=\"https:\/\/seohun.hu\/hu_hu\/seo-referenciak\/ekszer-m-kft\/\" aria-label=\"\u00c9kszer-M Kft.\"><\/a>\n\t<\/div>\n<\/div>\n<\/div>\n<div class=\"fusion-portfolio-content\"><h2 class=\"entry-title fusion-post-title\"><a href=\"https:\/\/seohun.hu\/hu_hu\/seo-referenciak\/ekszer-m-kft\/\">\u00c9kszer-M Kft.<\/a><\/h2><div class=\"fusion-portfolio-meta\"><a href=\"https:\/\/seohun.hu\/hu_hu\/portfolio_category\/kozossegi-marketing-kampany\/\" rel=\"tag\">K\u00f6z\u00f6ss\u00e9gi marketing<\/a>, <a href=\"https:\/\/seohun.hu\/hu_hu\/portfolio_category\/seo-kialakitas\/\" rel=\"tag\">SEO<\/a><\/div><div class=\"fusion-post-content\"><p> SEO audit majd jav\u00edt\u00e1si javaslatok, a fejleszt\u0151kkel egy\u00fctt dolgozva,<\/p><\/div><\/div><\/div><\/article><article id=\"portfolio-1-post-17895\" class=\"fusion-portfolio-post seo-kialakitas kozossegi-marketing-kampany seo-referenciak fusion-col-spacing post-17895\"><div class=\"fusion-portfolio-content-wrapper\" style=\"border:none;\"><span class=\"updated rich-snippet-hidden\">2019-05-28T12:46:40+02:00<\/span><div  class=\"fusion-image-wrapper\" aria-haspopup=\"true\">\n\t\t\t\t<img decoding=\"async\" width=\"2262\" height=\"1546\" src=\"https:\/\/seohun.hu\/wp-content\/uploads\/2012\/07\/synergic.jpg\" class=\"attachment-full size-full lazyload wp-post-image\" alt=\"\" srcset=\"data:image\/svg+xml,%3Csvg%20xmlns%3D%27http%3A%2F%2Fwww.w3.org%2F2000%2Fsvg%27%20width%3D%272262%27%20height%3D%271546%27%20viewBox%3D%270%200%202262%201546%27%3E%3Crect%20width%3D%272262%27%20height%3D%271546%27%20fill-opacity%3D%220%22%2F%3E%3C%2Fsvg%3E\" data-orig-src=\"https:\/\/seohun.hu\/wp-content\/uploads\/2012\/07\/synergic.jpg\" data-srcset=\"https:\/\/seohun.hu\/wp-content\/uploads\/2012\/07\/synergic-200x137.jpg 200w, https:\/\/seohun.hu\/wp-content\/uploads\/2012\/07\/synergic-400x273.jpg 400w, https:\/\/seohun.hu\/wp-content\/uploads\/2012\/07\/synergic-600x410.jpg 600w, https:\/\/seohun.hu\/wp-content\/uploads\/2012\/07\/synergic-800x547.jpg 800w, https:\/\/seohun.hu\/wp-content\/uploads\/2012\/07\/synergic-1200x820.jpg 1200w, https:\/\/seohun.hu\/wp-content\/uploads\/2012\/07\/synergic.jpg 2262w\" data-sizes=\"auto\" title=\"\" data-orig-><div class=\"fusion-rollover\">\n\t<div class=\"fusion-rollover-content\">\n\n\t\t\t\t\t\t\t\t\t\t\t\t\t\t<a class=\"fusion-rollover-link\" href=\"https:\/\/seohun.hu\/hu_hu\/seo-referenciak\/synergic-kft\/\">Synergic Kft.<\/a>\n\t\t\t\n\t\t\t\t\t\t\t\t\n\t\t\n\t\t\t\t\t\t\t\t\n\t\t\t\t\t\t\t\t\n\t\t\n\t\t\t\t\t\t<a class=\"fusion-link-wrapper\" href=\"https:\/\/seohun.hu\/hu_hu\/seo-referenciak\/synergic-kft\/\" aria-label=\"Synergic Kft.\"><\/a>\n\t<\/div>\n<\/div>\n<\/div>\n<div class=\"fusion-portfolio-content\"><h2 class=\"entry-title fusion-post-title\"><a href=\"https:\/\/seohun.hu\/hu_hu\/seo-referenciak\/synergic-kft\/\">Synergic Kft.<\/a><\/h2><div class=\"fusion-portfolio-meta\"><a href=\"https:\/\/seohun.hu\/hu_hu\/portfolio_category\/seo-kialakitas\/\" rel=\"tag\">SEO<\/a>, <a href=\"https:\/\/seohun.hu\/hu_hu\/portfolio_category\/kozossegi-marketing-kampany\/\" rel=\"tag\">K\u00f6z\u00f6ss\u00e9gi marketing<\/a>, <a href=\"https:\/\/seohun.hu\/hu_hu\/portfolio_category\/seo-referenciak\/\" rel=\"tag\">SEO referenci\u00e1k<\/a><\/div><div class=\"fusion-post-content\"><p> SEO audit \u00e9s technikai SEO jav\u00edt\u00e1sok, tartalommarketing, k\u00f6z\u00f6ss\u00e9gi \u00e9s<\/p><\/div><\/div><\/div><\/article><\/div><div class=\"fusion-infinite-scroll-trigger\"><\/div><div class=\"pagination infinite-scroll clearfix\" style=\"display:none;\"><span class=\"current\">1<\/span><a href=\"https:\/\/seohun.hu\/hu_hu\/wp-json\/wp\/v2\/pages\/17942\/page\/2\/\" class=\"inactive\">2<\/a><a class=\"pagination-next\" rel=\"next\" href=\"https:\/\/seohun.hu\/hu_hu\/wp-json\/wp\/v2\/pages\/17942\/page\/2\/\"><span class=\"page-text\">K\u00f6vetkez\u0151<\/span><span class=\"page-next\"><\/span><\/a><\/div><div class=\"fusion-clearfix\"><\/div><\/div><div class=\"fusion-clearfix\"><\/div><\/div><\/div><\/div><\/div>\n","protected":false},"excerpt":{"rendered":"","protected":false},"author":1,"featured_media":0,"parent":0,"menu_order":0,"comment_status":"closed","ping_status":"closed","template":"","meta":{"googlesitekit_rrm_CAow9c6ZCw:productID":"","footnotes":""},"class_list":["post-17942","page","type-page","status-publish","hentry"],"_links":{"self":[{"href":"https:\/\/seohun.hu\/hu_hu\/wp-json\/wp\/v2\/pages\/17942","targetHints":{"allow":["GET"]}}],"collection":[{"href":"https:\/\/seohun.hu\/hu_hu\/wp-json\/wp\/v2\/pages"}],"about":[{"href":"https:\/\/seohun.hu\/hu_hu\/wp-json\/wp\/v2\/types\/page"}],"author":[{"embeddable":true,"href":"https:\/\/seohun.hu\/hu_hu\/wp-json\/wp\/v2\/users\/1"}],"replies":[{"embeddable":true,"href":"https:\/\/seohun.hu\/hu_hu\/wp-json\/wp\/v2\/comments?post=17942"}],"version-history":[{"count":0,"href":"https:\/\/seohun.hu\/hu_hu\/wp-json\/wp\/v2\/pages\/17942\/revisions"}],"wp:attachment":[{"href":"https:\/\/seohun.hu\/hu_hu\/wp-json\/wp\/v2\/media?parent=17942"}],"curies":[{"name":"wp","href":"https:\/\/api.w.org\/{rel}","templated":true}]}}