{"id":20073,"date":"2023-07-12T10:43:40","date_gmt":"2023-07-12T08:43:40","guid":{"rendered":"https:\/\/seohun.hu\/?page_id=20073"},"modified":"2023-07-12T10:43:40","modified_gmt":"2023-07-12T08:43:40","slug":"cookie-iranyelvek","status":"publish","type":"page","link":"https:\/\/seohun.hu\/hu_hu\/cookie-iranyelvek\/","title":{"rendered":"Cookie-ir\u00e1nyelvek"},"content":{"rendered":"<style>\n    a.cky-banner-element {\n        padding: 8px 30px;\n        background: #F8F9FA;\n        color: #858A8F;\n        border: 1px solid #DEE2E6;\n        box-sizing: border-box;\n        border-radius: 2px;\n        cursor: pointer;\n}\n<\/style>\n<h1 class=\"cookie-policy-h1\">Cookie-ir\u00e1nyelvek<\/h1>\n<p>\n    Effective Date: 12-Jul-2023 <br \/>\n    Last Updated: 12-Jul-2023\n<\/p>\n<p>&nbsp;<\/p>\n<h5>Mik azok a s\u00fctik?<\/h5>\n<div class=\"cookie-policy-p\">\n<p>Ez a Cookie-szab\u00e1lyzat elmagyar\u00e1zza, hogy mik azok a s\u00fctik \u00e9s hogyan haszn\u00e1ljuk \u0151ket, milyen t\u00edpus\u00fa s\u00fctiket haszn\u00e1lunk, azaz milyen inform\u00e1ci\u00f3kat gy\u0171jt\u00fcnk a s\u00fctik seg\u00edts\u00e9g\u00e9vel \u00e9s hogyan haszn\u00e1ljuk fel ezeket az inform\u00e1ci\u00f3kat, valamint hogyan kezelheti a cookie-be\u00e1ll\u00edt\u00e1sokat.<\/p>\n<p>A s\u00fctik kis sz\u00f6vegf\u00e1jlok, amelyek kis inform\u00e1ci\u00f3k t\u00e1rol\u00e1s\u00e1ra szolg\u00e1lnak. Az \u00d6n eszk\u00f6z\u00e9n t\u00e1rol\u00f3dnak, amikor a weboldal bet\u00f6lt\u0151dik a b\u00f6ng\u00e9sz\u0151j\u00e9be. Ezek a cookie-k seg\u00edtenek nek\u00fcnk abban, hogy a weboldal megfelel\u0151en m\u0171k\u00f6dj\u00f6n, biztons\u00e1gosabb\u00e1 tegy\u00fck, jobb felhaszn\u00e1l\u00f3i \u00e9lm\u00e9nyt ny\u00fajtsunk, \u00e9s meg\u00e9rts\u00fck, hogyan m\u0171k\u00f6dik a weboldal, valamint hogy elemezz\u00fck, mi m\u0171k\u00f6dik, \u00e9s hol van sz\u00fcks\u00e9g jav\u00edt\u00e1sra.<\/p>\n<\/div>\n<p>&nbsp;<\/p>\n<h5>Hogyan haszn\u00e1ljuk a s\u00fctiket?<\/h5>\n<div class=\"cookie-policy-p\">\n<p>Mint a legt\u00f6bb online szolg\u00e1ltat\u00e1s, weboldalunk is t\u00f6bbf\u00e9le c\u00e9lb\u00f3l haszn\u00e1l els\u0151 \u00e9s harmadik f\u00e9lt\u0151l sz\u00e1rmaz\u00f3 s\u00fctiket. Az els\u0151 f\u00e9lt\u0151l sz\u00e1rmaz\u00f3 s\u00fctik t\u00f6bbnyire a weboldal megfelel\u0151 m\u0171k\u00f6d\u00e9s\u00e9hez sz\u00fcks\u00e9gesek, \u00e9s nem gy\u0171jtenek semmilyen szem\u00e9lyes adatot.<\/p>\n<p>A weboldalunkon haszn\u00e1lt harmadik f\u00e9lt\u0151l sz\u00e1rmaz\u00f3 s\u00fctik els\u0151sorban a weboldal teljes\u00edtm\u00e9ny\u00e9nek meg\u00e9rt\u00e9s\u00e9re, a weboldalunkkal val\u00f3 interakci\u00f3kra, szolg\u00e1ltat\u00e1saink biztons\u00e1gban tart\u00e1s\u00e1ra, az \u00d6n sz\u00e1m\u00e1ra relev\u00e1ns hirdet\u00e9sek biztos\u00edt\u00e1s\u00e1ra, \u00e9s \u00f6sszess\u00e9g\u00e9ben a jobb \u00e9s jobb felhaszn\u00e1l\u00f3i \u00e9lm\u00e9ny biztos\u00edt\u00e1s\u00e1ra, valamint a weboldalunkkal val\u00f3 j\u00f6v\u0151beli interakci\u00f3k felgyors\u00edt\u00e1s\u00e1ra szolg\u00e1lnak.<\/p>\n<\/div>\n<p>&nbsp;<\/p>\n<h5>Az \u00e1ltalunk haszn\u00e1lt cookie-k t\u00edpusai<\/h5>\n<div class=\"cky-audit-table-element\"><\/div>\n<p>&nbsp;<\/p>\n<h5 style=\"margin-bottom:20px;\">Cookie-be\u00e1ll\u00edt\u00e1sok kezel\u00e9se<\/h5>\n<p>    <a class=\"cky-banner-element\">Cookie Settings<\/a> <\/p>\n<div>\n<p>A fenti gombra kattintva b\u00e1rmikor megv\u00e1ltoztathatja a s\u00fctikre vonatkoz\u00f3 be\u00e1ll\u00edt\u00e1sait. Ez lehet\u0151v\u00e9 teszi, hogy \u00fajra megn\u00e9zze a cookie-hozz\u00e1j\u00e1rul\u00e1s bannert, \u00e9s megv\u00e1ltoztassa a be\u00e1ll\u00edt\u00e1sait, vagy azonnal visszavonja a hozz\u00e1j\u00e1rul\u00e1s\u00e1t.<\/p>\n<p>Ezen k\u00edv\u00fcl a k\u00fcl\u00f6nb\u00f6z\u0151 b\u00f6ng\u00e9sz\u0151k k\u00fcl\u00f6nb\u00f6z\u0151 m\u00f3dszereket biztos\u00edtanak a weboldalak \u00e1ltal haszn\u00e1lt cookie-k blokkol\u00e1s\u00e1ra \u00e9s t\u00f6rl\u00e9s\u00e9re. A cookie-k blokkol\u00e1sa\/t\u00f6rl\u00e9se \u00e9rdek\u00e9ben m\u00f3dos\u00edthatja b\u00f6ng\u00e9sz\u0151je be\u00e1ll\u00edt\u00e1sait. Az al\u00e1bbiakban a f\u0151bb webb\u00f6ng\u00e9sz\u0151k cookie-k kezel\u00e9s\u00e9re \u00e9s t\u00f6rl\u00e9s\u00e9re vonatkoz\u00f3 t\u00e1mogat\u00f3 dokumentumok linkjei tal\u00e1lhat\u00f3k.<\/p>\n<p>Chrome: <a target=\"_blank\" rel=\"noopener noreferrer nofollow\" href=\"https:\/\/support.google.com\/accounts\/answer\/32050\">https:\/\/support.google.com\/accounts\/answer\/32050<\/a><\/p>\n<p>Safari: <a target=\"_blank\" rel=\"noopener noreferrer nofollow\" href=\"https:\/\/support.apple.com\/en-in\/guide\/safari\/sfri11471\/mac\">https:\/\/support.apple.com\/en-in\/guide\/safari\/sfri11471\/mac<\/a><\/p>\n<p>Firefox: <a target=\"_blank\" rel=\"noopener noreferrer nofollow\" href=\"https:\/\/support.mozilla.org\/en-US\/kb\/clear-cookies-and-site-data-firefox?redirectslug=delete-cookies-remove-info-websites-stored&amp;redirectlocale=en-US\">https:\/\/support.mozilla.org\/en-US\/kb\/clear-cookies-and-site-data-firefox?redirectslug=delete-cookies-remove-info-websites-stored&amp;redirectlocale=en-US<\/a><\/p>\n<p>Internet Explorer: <a target=\"_blank\" rel=\"noopener noreferrer nofollow\" href=\"https:\/\/support.microsoft.com\/en-us\/topic\/how-to-delete-cookie-files-in-internet-explorer-bca9446f-d873-78de-77ba-d42645fa52fc\">https:\/\/support.microsoft.com\/en-us\/topic\/how-to-delete-cookie-files-in-internet-explorer-bca9446f-d873-78de-77ba-d42645fa52fc<\/a><\/p>\n<p>Ha m\u00e1s b\u00f6ng\u00e9sz\u0151t haszn\u00e1l, k\u00e9rj\u00fck, l\u00e1togasson el a b\u00f6ng\u00e9sz\u0151 hivatalos t\u00e1mogat\u00e1si dokumentumaihoz.<\/p>\n<\/div>\n<p>&nbsp;<\/p>\n<p class=\"cookie-policy-p\">\n    Cookie Policy Generated By  <a target=\"_blank\" href=\"https:\/\/www.cookieyes.com\/?utm_source=CP&#038;utm_medium=footer&#038;utm_campaign=UW\" rel=\"noopener nofollow\">CookieYes &#8211; Cookie Policy Generator<\/a>.<\/p>\n","protected":false},"excerpt":{"rendered":"<p>Cookie-ir\u00e1nyelvek Effective Date: 12-Jul-2023 Last Updated: 12-Jul-2023 &nbsp; Mik azok a s\u00fctik? Ez a [&hellip;]<\/p>\n","protected":false},"author":1,"featured_media":0,"parent":0,"menu_order":0,"comment_status":"closed","ping_status":"closed","template":"","meta":{"googlesitekit_rrm_CAow9c6ZCw:productID":"","footnotes":""},"class_list":["post-20073","page","type-page","status-publish","hentry"],"_links":{"self":[{"href":"https:\/\/seohun.hu\/hu_hu\/wp-json\/wp\/v2\/pages\/20073","targetHints":{"allow":["GET"]}}],"collection":[{"href":"https:\/\/seohun.hu\/hu_hu\/wp-json\/wp\/v2\/pages"}],"about":[{"href":"https:\/\/seohun.hu\/hu_hu\/wp-json\/wp\/v2\/types\/page"}],"author":[{"embeddable":true,"href":"https:\/\/seohun.hu\/hu_hu\/wp-json\/wp\/v2\/users\/1"}],"replies":[{"embeddable":true,"href":"https:\/\/seohun.hu\/hu_hu\/wp-json\/wp\/v2\/comments?post=20073"}],"version-history":[{"count":2,"href":"https:\/\/seohun.hu\/hu_hu\/wp-json\/wp\/v2\/pages\/20073\/revisions"}],"predecessor-version":[{"id":20075,"href":"https:\/\/seohun.hu\/hu_hu\/wp-json\/wp\/v2\/pages\/20073\/revisions\/20075"}],"wp:attachment":[{"href":"https:\/\/seohun.hu\/hu_hu\/wp-json\/wp\/v2\/media?parent=20073"}],"curies":[{"name":"wp","href":"https:\/\/api.w.org\/{rel}","templated":true}]}}