{"id":20076,"date":"2023-07-12T10:58:11","date_gmt":"2023-07-12T08:58:11","guid":{"rendered":"https:\/\/seohun.hu\/?page_id=20076"},"modified":"2023-07-12T10:58:11","modified_gmt":"2023-07-12T08:58:11","slug":"adatvedelmi-iranyelvek-2","status":"publish","type":"page","link":"https:\/\/seohun.hu\/hu_hu\/adatvedelmi-iranyelvek-2\/","title":{"rendered":"Adatv\u00e9delmi ir\u00e1nyelvek"},"content":{"rendered":"<h1 class=\"privacy-policy-h1\">Privacy Policy<br \/>\n<br \/><span>Last Updated On 12-Jul-2023<\/span><br \/>\n<br \/><span>Effective Date 12-Jul-2023<\/span><br \/>\n<\/h1>\n<p class=\"privacy-policy-p\">\n    This Privacy Policy describes the policies of<\/p>\n<p>    Intec Online Kft,<br \/>\n    Ak\u00e1cos utca 4,<br \/>\n    Pest<br \/>\n    2161,<br \/>\n    Hungary,<br \/>\n    email: intec@intec.hu,<br \/>\n    phone: 06703117594<\/p>\n<p>    on the collection,<br \/>\n    use and disclosure of your information that we collect<br \/>\n    when you use our website ( https:\/\/seohun.hu ).<br \/>\n    (the \u201cService\u201d). By accessing or using<br \/>\n    the<br \/>\n    Service, you are consenting to the collection, use and<br \/>\n    disclosure of your information in accordance with this<br \/>\n    Privacy Policy. If you do not consent to the same,<br \/>\n    please do not access or use the Service.\n<\/p>\n<p class=\"privacy-policy-p\">\n    We may modify this Privacy Policy at any time without<br \/>\n    any prior notice to you and will post the revised<br \/>\n    Privacy Policy on the Service. The revised Policy will<br \/>\n    be effective 180 days from when the<br \/>\n    revised Policy is posted in the Service and your<br \/>\n    continued access or use of the Service after such time<br \/>\n    will constitute your acceptance of the revised Privacy<br \/>\n    Policy. We therefore recommend that you periodically<br \/>\n    review this page.\n<\/p>\n<ol class=\"privacy-policy-ol\">\n<li>\n<h2 class=\"privacy-policy-h2\">\n            How We Use Your Information:<br \/>\n        <\/h2>\n<p class=\"privacy-policy-p\">\n            We will use the information that we collect<br \/>\n            about you for the following purposes:\n        <\/p>\n<ol class=\"privacy-policy-ol\">\n<li>Marketing\/ Promotional<\/li>\n<li>Support<\/li>\n<li>Administration info<\/li>\n<li>Manage customer order<\/li>\n<li>Site protection<\/li>\n<\/ol>\n<p class=\"privacy-policy-p\">\n            If we want to use your information for any other<br \/>\n            purpose, we will ask you for consent and will<br \/>\n            use your information only on receiving your<br \/>\n            consent and then, only for the purpose(s) for<br \/>\n            which grant consent unless we are required to do<br \/>\n            otherwise by law.\n        <\/p>\n<\/li>\n<li>\n<h2 class=\"privacy-policy-h2\">\n            Your Rights:<br \/>\n        <\/h2>\n<p class=\"privacy-policy-p\">\n            Depending on the law that applies, you may have<br \/>\n            a right to access and rectify or erase your<br \/>\n            personal data or receive a copy of your personal<br \/>\n            data, restrict or object to the active<br \/>\n            processing of your data, ask us to share (port)<br \/>\n            your personal information to another entity,<br \/>\n            withdraw any consent you provided to us to<br \/>\n            process your data, a right to lodge a complaint<br \/>\n            with a statutory authority and such other rights<br \/>\n            as may be relevant under applicable laws. To<br \/>\n            exercise these rights, you can write to us at<br \/>\n            intec@intec.hu.<br \/>\n            We will respond to your<br \/>\n            request in accordance with applicable law.\n        <\/p>\n<p class=\"privacy-policy-p\">\n            You may opt-out of direct marketing<br \/>\n            communications or the profiling we carry out for<br \/>\n            marketing purposes by writing to us at<br \/>\n            intec@intec.hu.\n        <\/p>\n<p class=\"privacy-policy-p\">\n            Do note that if you do not allow us to collect<br \/>\n            or process the required personal information or<br \/>\n            withdraw the consent to process the same for the<br \/>\n            required purposes, you may not be able to access<br \/>\n            or use the services for which your information<br \/>\n            was sought.\n        <\/p>\n<\/li>\n<li>\n<h2 class=\"privacy-policy-h2\">\n            Cookies Etc.<br \/>\n        <\/h2>\n<p class=\"privacy-policy-p\">\n<p>            To learn more about how we use these<br \/>\n            and your choices in relation to these tracking<br \/>\n            technologies, please refer to our<br \/>\n            <a href=\"https:\/\/seohun.hu\">Cookie Policy.<\/a>\n        <\/p>\n<\/li>\n<li>\n<h2 class=\"privacy-policy-h2\">\n            Security:<br \/>\n        <\/h2>\n<p class=\"privacy-policy-p\">\n            The security of your information is important to<br \/>\n            us and we will use reasonable security measures<br \/>\n            to prevent the loss, misuse or unauthorized<br \/>\n            alteration of your information under our<br \/>\n            control. However, given the inherent risks, we<br \/>\n            cannot guarantee absolute security and<br \/>\n            consequently, we cannot ensure or warrant the<br \/>\n            security of any information you transmit to us<br \/>\n            and you do so at your own risk.\n        <\/p>\n<\/li>\n<li>\n<h2 class=\"privacy-policy-h2\">\n            Third Party Links &#038; Use Of Your Information:<br \/>\n        <\/h2>\n<p class=\"privacy-policy-p\">\n            Our Service may contain links to other websites<br \/>\n            that are not operated by us. This Privacy Policy<br \/>\n            does not address the privacy policy and other<br \/>\n            practices of any third parties, including any<br \/>\n            third party operating any website or service<br \/>\n            that may be accessible via a link on the<br \/>\n            Service. We strongly advise you to review the<br \/>\n            privacy policy of every site you visit. We have<br \/>\n            no control over and assume no responsibility for<br \/>\n            the content, privacy policies or practices of<br \/>\n            any third party sites or services.\n        <\/p>\n<\/li>\n<li>\n<h2 class=\"privacy-policy-h2\">\n            Grievance \/ Data Protection Officer:<br \/>\n        <\/h2>\n<p class=\"privacy-policy-p\">\n            If you have any queries or concerns about the<br \/>\n            processing of your information that is available<br \/>\n            with us, you may email our Grievance Officer at<br \/>\n            INTEC  PC,<br \/>\n            3530 Miskolc Sz\u00e9chenyi Istv\u00e1n utca 78 1 emelet 40. \u00fczlet,<br \/>\n            email: intec@intec.hu.<br \/>\n            We will address your concerns in accordance with applicable law.\n        <\/p>\n<\/li>\n<\/ol>\n<p class=\"privacy-policy-p\">\n    Privacy Policy generated with  <a target=\"_blank\" href=\"https:\/\/www.cookieyes.com\/?utm_source=PP&#038;utm_medium=footer&#038;utm_campaign=UW\" rel=\"noopener nofollow\">CookieYes<\/a>.<\/p>\n","protected":false},"excerpt":{"rendered":"<p>Privacy Policy Last Updated On 12-Jul-2023 Effective Date 12-Jul-2023 This Privacy Policy describes the [&hellip;]<\/p>\n","protected":false},"author":1,"featured_media":0,"parent":0,"menu_order":0,"comment_status":"closed","ping_status":"closed","template":"","meta":{"googlesitekit_rrm_CAow9c6ZCw:productID":"","footnotes":""},"class_list":["post-20076","page","type-page","status-publish","hentry"],"_links":{"self":[{"href":"https:\/\/seohun.hu\/hu_hu\/wp-json\/wp\/v2\/pages\/20076","targetHints":{"allow":["GET"]}}],"collection":[{"href":"https:\/\/seohun.hu\/hu_hu\/wp-json\/wp\/v2\/pages"}],"about":[{"href":"https:\/\/seohun.hu\/hu_hu\/wp-json\/wp\/v2\/types\/page"}],"author":[{"embeddable":true,"href":"https:\/\/seohun.hu\/hu_hu\/wp-json\/wp\/v2\/users\/1"}],"replies":[{"embeddable":true,"href":"https:\/\/seohun.hu\/hu_hu\/wp-json\/wp\/v2\/comments?post=20076"}],"version-history":[{"count":2,"href":"https:\/\/seohun.hu\/hu_hu\/wp-json\/wp\/v2\/pages\/20076\/revisions"}],"predecessor-version":[{"id":20078,"href":"https:\/\/seohun.hu\/hu_hu\/wp-json\/wp\/v2\/pages\/20076\/revisions\/20078"}],"wp:attachment":[{"href":"https:\/\/seohun.hu\/hu_hu\/wp-json\/wp\/v2\/media?parent=20076"}],"curies":[{"name":"wp","href":"https:\/\/api.w.org\/{rel}","templated":true}]}}